{"id":72412,"date":"2024-04-08T15:23:52","date_gmt":"2024-04-08T13:23:52","guid":{"rendered":"https:\/\/steelcon.pl\/produkt\/steunwiel-402364\/"},"modified":"2024-04-08T15:23:52","modified_gmt":"2024-04-08T13:23:52","slug":"steunwiel-402364","status":"publish","type":"product","link":"https:\/\/steelcon.pl\/nl\/produkt\/steunwiel-402364\/","title":{"rendered":"Steunwiel 402364"},"content":{"rendered":"<h2>Productparameters:<\/h2>\n<p>Afmetingen: A &#8211; 250 mm, B &#8211; 50 mm, C &#8211; 298 mm, D &#8211; 135 x 109 mm, E &#8211; 105 x 80 mmLaadvermogen: 1000 kg<\/p>\n","protected":false},"excerpt":{"rendered":"<p>A-250mm, B-50mm, C-298mm, D-135x109mm, E-105x80mm, Laadvermogen -1000kg<\/p>\n","protected":false},"featured_media":72413,"template":"","meta":{"_acf_changed":false,"inline_featured_image":false},"product_brand":[],"product_cat":[1098],"product_tag":[],"class_list":{"0":"post-72412","1":"product","2":"type-product","3":"status-publish","4":"has-post-thumbnail","6":"product_cat-torsie-en-steunwielen","8":"first","9":"outofstock","10":"taxable","11":"shipping-taxable","12":"purchasable","13":"product-type-simple"},"acf":[],"yoast_head":"<!-- This site is optimized with the Yoast SEO plugin v27.4 - https:\/\/yoast.com\/product\/yoast-seo-wordpress\/ -->\n<title>Steunwiel 402364 - Steelcon<\/title>\n<meta name=\"description\" content=\"Steunwiel 402364 zam\u00f3w online w Steelcon. Zobacz pe\u0142n\u0105 ofert\u0119 element\u00f3w do wyposa\u017cenie kontener\u00f3w.\" \/>\n<meta name=\"robots\" content=\"index, follow, max-snippet:-1, max-image-preview:large, max-video-preview:-1\" \/>\n<link rel=\"canonical\" href=\"https:\/\/steelcon.pl\/nl\/produkt\/steunwiel-402364\/\" \/>\n<meta property=\"og:locale\" content=\"nl_NL\" \/>\n<meta property=\"og:type\" content=\"article\" \/>\n<meta property=\"og:title\" content=\"Steunwiel 402364 - Steelcon\" \/>\n<meta property=\"og:description\" content=\"Steunwiel 402364 zam\u00f3w online w Steelcon. Zobacz pe\u0142n\u0105 ofert\u0119 element\u00f3w do wyposa\u017cenie kontener\u00f3w.\" \/>\n<meta property=\"og:url\" content=\"https:\/\/steelcon.pl\/nl\/produkt\/steunwiel-402364\/\" \/>\n<meta property=\"og:site_name\" content=\"Steelcon\" \/>\n<meta property=\"og:image\" content=\"https:\/\/steelcon.pl\/wp-content\/uploads\/2024\/08\/logo-steelcon.png\" \/>\n\t<meta property=\"og:image:width\" content=\"1200\" \/>\n\t<meta property=\"og:image:height\" content=\"675\" \/>\n\t<meta property=\"og:image:type\" content=\"image\/png\" \/>\n<meta name=\"twitter:card\" content=\"summary_large_image\" \/>\n<script type=\"application\/ld+json\" class=\"yoast-schema-graph\">{\"@context\":\"https:\\\/\\\/schema.org\",\"@graph\":[{\"@type\":\"WebPage\",\"@id\":\"https:\\\/\\\/steelcon.pl\\\/nl\\\/produkt\\\/steunwiel-402364\\\/\",\"url\":\"https:\\\/\\\/steelcon.pl\\\/nl\\\/produkt\\\/steunwiel-402364\\\/\",\"name\":\"Steunwiel 402364 - Steelcon\",\"isPartOf\":{\"@id\":\"https:\\\/\\\/steelcon.pl\\\/nl\\\/#website\"},\"primaryImageOfPage\":{\"@id\":\"https:\\\/\\\/steelcon.pl\\\/nl\\\/produkt\\\/steunwiel-402364\\\/#primaryimage\"},\"image\":{\"@id\":\"https:\\\/\\\/steelcon.pl\\\/nl\\\/produkt\\\/steunwiel-402364\\\/#primaryimage\"},\"thumbnailUrl\":\"https:\\\/\\\/steelcon.pl\\\/wp-content\\\/uploads\\\/2024\\\/06\\\/Kolo-podporowe-402364.jpg\",\"datePublished\":\"2024-04-08T13:23:52+00:00\",\"description\":\"Steunwiel 402364 zam\u00f3w online w Steelcon. Zobacz pe\u0142n\u0105 ofert\u0119 element\u00f3w do wyposa\u017cenie kontener\u00f3w.\",\"breadcrumb\":{\"@id\":\"https:\\\/\\\/steelcon.pl\\\/nl\\\/produkt\\\/steunwiel-402364\\\/#breadcrumb\"},\"inLanguage\":\"nl-NL\",\"potentialAction\":[{\"@type\":\"ReadAction\",\"target\":[\"https:\\\/\\\/steelcon.pl\\\/nl\\\/produkt\\\/steunwiel-402364\\\/\"]}]},{\"@type\":\"ImageObject\",\"inLanguage\":\"nl-NL\",\"@id\":\"https:\\\/\\\/steelcon.pl\\\/nl\\\/produkt\\\/steunwiel-402364\\\/#primaryimage\",\"url\":\"https:\\\/\\\/steelcon.pl\\\/wp-content\\\/uploads\\\/2024\\\/06\\\/Kolo-podporowe-402364.jpg\",\"contentUrl\":\"https:\\\/\\\/steelcon.pl\\\/wp-content\\\/uploads\\\/2024\\\/06\\\/Kolo-podporowe-402364.jpg\",\"width\":370,\"height\":370,\"caption\":\"Ko\u0142o podporowe 402364\"},{\"@type\":\"BreadcrumbList\",\"@id\":\"https:\\\/\\\/steelcon.pl\\\/nl\\\/produkt\\\/steunwiel-402364\\\/#breadcrumb\",\"itemListElement\":[{\"@type\":\"ListItem\",\"position\":1,\"name\":\"Startpagina\",\"item\":\"https:\\\/\\\/steelcon.pl\\\/nl\\\/\"},{\"@type\":\"ListItem\",\"position\":2,\"name\":\"Online winkel\",\"item\":\"https:\\\/\\\/steelcon.pl\\\/nl\\\/winkel\\\/\"},{\"@type\":\"ListItem\",\"position\":3,\"name\":\"Steunwiel 402364\"}]},{\"@type\":\"WebSite\",\"@id\":\"https:\\\/\\\/steelcon.pl\\\/nl\\\/#website\",\"url\":\"https:\\\/\\\/steelcon.pl\\\/nl\\\/\",\"name\":\"Steelcon\",\"description\":\"Elementy Wyposa\u017cenie Kontener\u00f3w\",\"publisher\":{\"@id\":\"https:\\\/\\\/steelcon.pl\\\/nl\\\/#organization\"},\"potentialAction\":[{\"@type\":\"SearchAction\",\"target\":{\"@type\":\"EntryPoint\",\"urlTemplate\":\"https:\\\/\\\/steelcon.pl\\\/nl\\\/?s={search_term_string}\"},\"query-input\":{\"@type\":\"PropertyValueSpecification\",\"valueRequired\":true,\"valueName\":\"search_term_string\"}}],\"inLanguage\":\"nl-NL\"},{\"@type\":\"Organization\",\"@id\":\"https:\\\/\\\/steelcon.pl\\\/nl\\\/#organization\",\"name\":\"Steelcon - Elementy Wyposa\u017cenia Kontener\u00f3w\",\"url\":\"https:\\\/\\\/steelcon.pl\\\/nl\\\/\",\"logo\":{\"@type\":\"ImageObject\",\"inLanguage\":\"nl-NL\",\"@id\":\"https:\\\/\\\/steelcon.pl\\\/nl\\\/#\\\/schema\\\/logo\\\/image\\\/\",\"url\":\"https:\\\/\\\/steelcon.pl\\\/wp-content\\\/uploads\\\/2024\\\/08\\\/logo-steelcon-1000-x-1000-px.png\",\"contentUrl\":\"https:\\\/\\\/steelcon.pl\\\/wp-content\\\/uploads\\\/2024\\\/08\\\/logo-steelcon-1000-x-1000-px.png\",\"width\":1000,\"height\":1000,\"caption\":\"Steelcon - Elementy Wyposa\u017cenia Kontener\u00f3w\"},\"image\":{\"@id\":\"https:\\\/\\\/steelcon.pl\\\/nl\\\/#\\\/schema\\\/logo\\\/image\\\/\"}}]}<\/script>\n<!-- \/ Yoast SEO plugin. -->","yoast_head_json":{"title":"Steunwiel 402364 - Steelcon","description":"Steunwiel 402364 zam\u00f3w online w Steelcon. Zobacz pe\u0142n\u0105 ofert\u0119 element\u00f3w do wyposa\u017cenie kontener\u00f3w.","robots":{"index":"index","follow":"follow","max-snippet":"max-snippet:-1","max-image-preview":"max-image-preview:large","max-video-preview":"max-video-preview:-1"},"canonical":"https:\/\/steelcon.pl\/nl\/produkt\/steunwiel-402364\/","og_locale":"nl_NL","og_type":"article","og_title":"Steunwiel 402364 - Steelcon","og_description":"Steunwiel 402364 zam\u00f3w online w Steelcon. Zobacz pe\u0142n\u0105 ofert\u0119 element\u00f3w do wyposa\u017cenie kontener\u00f3w.","og_url":"https:\/\/steelcon.pl\/nl\/produkt\/steunwiel-402364\/","og_site_name":"Steelcon","og_image":[{"width":1200,"height":675,"url":"https:\/\/steelcon.pl\/wp-content\/uploads\/2024\/08\/logo-steelcon.png","type":"image\/png"}],"twitter_card":"summary_large_image","schema":{"@context":"https:\/\/schema.org","@graph":[{"@type":"WebPage","@id":"https:\/\/steelcon.pl\/nl\/produkt\/steunwiel-402364\/","url":"https:\/\/steelcon.pl\/nl\/produkt\/steunwiel-402364\/","name":"Steunwiel 402364 - Steelcon","isPartOf":{"@id":"https:\/\/steelcon.pl\/nl\/#website"},"primaryImageOfPage":{"@id":"https:\/\/steelcon.pl\/nl\/produkt\/steunwiel-402364\/#primaryimage"},"image":{"@id":"https:\/\/steelcon.pl\/nl\/produkt\/steunwiel-402364\/#primaryimage"},"thumbnailUrl":"https:\/\/steelcon.pl\/wp-content\/uploads\/2024\/06\/Kolo-podporowe-402364.jpg","datePublished":"2024-04-08T13:23:52+00:00","description":"Steunwiel 402364 zam\u00f3w online w Steelcon. Zobacz pe\u0142n\u0105 ofert\u0119 element\u00f3w do wyposa\u017cenie kontener\u00f3w.","breadcrumb":{"@id":"https:\/\/steelcon.pl\/nl\/produkt\/steunwiel-402364\/#breadcrumb"},"inLanguage":"nl-NL","potentialAction":[{"@type":"ReadAction","target":["https:\/\/steelcon.pl\/nl\/produkt\/steunwiel-402364\/"]}]},{"@type":"ImageObject","inLanguage":"nl-NL","@id":"https:\/\/steelcon.pl\/nl\/produkt\/steunwiel-402364\/#primaryimage","url":"https:\/\/steelcon.pl\/wp-content\/uploads\/2024\/06\/Kolo-podporowe-402364.jpg","contentUrl":"https:\/\/steelcon.pl\/wp-content\/uploads\/2024\/06\/Kolo-podporowe-402364.jpg","width":370,"height":370,"caption":"Ko\u0142o podporowe 402364"},{"@type":"BreadcrumbList","@id":"https:\/\/steelcon.pl\/nl\/produkt\/steunwiel-402364\/#breadcrumb","itemListElement":[{"@type":"ListItem","position":1,"name":"Startpagina","item":"https:\/\/steelcon.pl\/nl\/"},{"@type":"ListItem","position":2,"name":"Online winkel","item":"https:\/\/steelcon.pl\/nl\/winkel\/"},{"@type":"ListItem","position":3,"name":"Steunwiel 402364"}]},{"@type":"WebSite","@id":"https:\/\/steelcon.pl\/nl\/#website","url":"https:\/\/steelcon.pl\/nl\/","name":"Steelcon","description":"Elementy Wyposa\u017cenie Kontener\u00f3w","publisher":{"@id":"https:\/\/steelcon.pl\/nl\/#organization"},"potentialAction":[{"@type":"SearchAction","target":{"@type":"EntryPoint","urlTemplate":"https:\/\/steelcon.pl\/nl\/?s={search_term_string}"},"query-input":{"@type":"PropertyValueSpecification","valueRequired":true,"valueName":"search_term_string"}}],"inLanguage":"nl-NL"},{"@type":"Organization","@id":"https:\/\/steelcon.pl\/nl\/#organization","name":"Steelcon - Elementy Wyposa\u017cenia Kontener\u00f3w","url":"https:\/\/steelcon.pl\/nl\/","logo":{"@type":"ImageObject","inLanguage":"nl-NL","@id":"https:\/\/steelcon.pl\/nl\/#\/schema\/logo\/image\/","url":"https:\/\/steelcon.pl\/wp-content\/uploads\/2024\/08\/logo-steelcon-1000-x-1000-px.png","contentUrl":"https:\/\/steelcon.pl\/wp-content\/uploads\/2024\/08\/logo-steelcon-1000-x-1000-px.png","width":1000,"height":1000,"caption":"Steelcon - Elementy Wyposa\u017cenia Kontener\u00f3w"},"image":{"@id":"https:\/\/steelcon.pl\/nl\/#\/schema\/logo\/image\/"}}]}},"_links":{"self":[{"href":"https:\/\/steelcon.pl\/nl\/wp-json\/wp\/v2\/product\/72412","targetHints":{"allow":["GET"]}}],"collection":[{"href":"https:\/\/steelcon.pl\/nl\/wp-json\/wp\/v2\/product"}],"about":[{"href":"https:\/\/steelcon.pl\/nl\/wp-json\/wp\/v2\/types\/product"}],"wp:featuredmedia":[{"embeddable":true,"href":"https:\/\/steelcon.pl\/nl\/wp-json\/wp\/v2\/media\/72413"}],"wp:attachment":[{"href":"https:\/\/steelcon.pl\/nl\/wp-json\/wp\/v2\/media?parent=72412"}],"wp:term":[{"taxonomy":"product_brand","embeddable":true,"href":"https:\/\/steelcon.pl\/nl\/wp-json\/wp\/v2\/product_brand?post=72412"},{"taxonomy":"product_cat","embeddable":true,"href":"https:\/\/steelcon.pl\/nl\/wp-json\/wp\/v2\/product_cat?post=72412"},{"taxonomy":"product_tag","embeddable":true,"href":"https:\/\/steelcon.pl\/nl\/wp-json\/wp\/v2\/product_tag?post=72412"}],"curies":[{"name":"wp","href":"https:\/\/api.w.org\/{rel}","templated":true}]}}