{"id":69054,"date":"2024-04-08T15:20:05","date_gmt":"2024-04-08T13:20:05","guid":{"rendered":"https:\/\/steelcon.pl\/produkt\/stadstype-rol-compleet-h-175-mm\/"},"modified":"2024-04-08T15:20:05","modified_gmt":"2024-04-08T13:20:05","slug":"stadstype-rol-compleet-h-175-mm","status":"publish","type":"product","link":"https:\/\/steelcon.pl\/nl\/produkt\/stadstype-rol-compleet-h-175-mm\/","title":{"rendered":"Stadstype rol compleet H &#8211; 175 mm"},"content":{"rendered":"<h2>Productparameters:<\/h2>\n<p>Afmetingen: 30 x 133- x 80\/190 mm, H &#8211; 175 mmOntwerp: axiale smering, messing bussenType: Stad<\/p>\n","protected":false},"excerpt":{"rendered":"<p>30-133-180\/190mm, H-175mm, axiale smering, messing bussen<\/p>\n","protected":false},"featured_media":69066,"template":"","meta":{"_acf_changed":false,"inline_featured_image":false},"product_brand":[],"product_cat":[1106],"product_tag":[],"class_list":{"0":"post-69054","1":"product","2":"type-product","3":"status-publish","4":"has-post-thumbnail","6":"product_cat-stadsrollen-acts-rollen","8":"first","9":"outofstock","10":"taxable","11":"shipping-taxable","12":"purchasable","13":"product-type-simple"},"acf":[],"yoast_head":"<!-- This site is optimized with the Yoast SEO plugin v27.3 - https:\/\/yoast.com\/product\/yoast-seo-wordpress\/ -->\n<title>Stadstype rol compleet H - 175 mm - Steelcon<\/title>\n<meta name=\"description\" content=\"Stadstype rol compleet H - 175 mm zam\u00f3w online w Steelcon. Zobacz pe\u0142n\u0105 ofert\u0119 element\u00f3w do wyposa\u017cenie kontener\u00f3w.\" \/>\n<meta name=\"robots\" content=\"index, follow, max-snippet:-1, max-image-preview:large, max-video-preview:-1\" \/>\n<link rel=\"canonical\" href=\"https:\/\/steelcon.pl\/nl\/produkt\/stadstype-rol-compleet-h-175-mm\/\" \/>\n<meta property=\"og:locale\" content=\"nl_NL\" \/>\n<meta property=\"og:type\" content=\"article\" \/>\n<meta property=\"og:title\" content=\"Stadstype rol compleet H - 175 mm - Steelcon\" \/>\n<meta property=\"og:description\" content=\"Stadstype rol compleet H - 175 mm zam\u00f3w online w Steelcon. Zobacz pe\u0142n\u0105 ofert\u0119 element\u00f3w do wyposa\u017cenie kontener\u00f3w.\" \/>\n<meta property=\"og:url\" content=\"https:\/\/steelcon.pl\/nl\/produkt\/stadstype-rol-compleet-h-175-mm\/\" \/>\n<meta property=\"og:site_name\" content=\"Steelcon\" \/>\n<meta property=\"og:image\" content=\"https:\/\/steelcon.pl\/wp-content\/uploads\/2024\/06\/Rolka-typ-City-kompletna-H-\u2013-175-mm.jpg\" \/>\n\t<meta property=\"og:image:width\" content=\"370\" \/>\n\t<meta property=\"og:image:height\" content=\"370\" \/>\n\t<meta property=\"og:image:type\" content=\"image\/jpeg\" \/>\n<meta name=\"twitter:card\" content=\"summary_large_image\" \/>\n<script type=\"application\/ld+json\" class=\"yoast-schema-graph\">{\"@context\":\"https:\\\/\\\/schema.org\",\"@graph\":[{\"@type\":\"WebPage\",\"@id\":\"https:\\\/\\\/steelcon.pl\\\/nl\\\/produkt\\\/stadstype-rol-compleet-h-175-mm\\\/\",\"url\":\"https:\\\/\\\/steelcon.pl\\\/nl\\\/produkt\\\/stadstype-rol-compleet-h-175-mm\\\/\",\"name\":\"Stadstype rol compleet H - 175 mm - Steelcon\",\"isPartOf\":{\"@id\":\"https:\\\/\\\/steelcon.pl\\\/nl\\\/#website\"},\"primaryImageOfPage\":{\"@id\":\"https:\\\/\\\/steelcon.pl\\\/nl\\\/produkt\\\/stadstype-rol-compleet-h-175-mm\\\/#primaryimage\"},\"image\":{\"@id\":\"https:\\\/\\\/steelcon.pl\\\/nl\\\/produkt\\\/stadstype-rol-compleet-h-175-mm\\\/#primaryimage\"},\"thumbnailUrl\":\"https:\\\/\\\/steelcon.pl\\\/wp-content\\\/uploads\\\/2024\\\/06\\\/Rolka-typ-City-kompletna-H-\u2013-175-mm.jpg\",\"datePublished\":\"2024-04-08T13:20:05+00:00\",\"description\":\"Stadstype rol compleet H - 175 mm zam\u00f3w online w Steelcon. Zobacz pe\u0142n\u0105 ofert\u0119 element\u00f3w do wyposa\u017cenie kontener\u00f3w.\",\"breadcrumb\":{\"@id\":\"https:\\\/\\\/steelcon.pl\\\/nl\\\/produkt\\\/stadstype-rol-compleet-h-175-mm\\\/#breadcrumb\"},\"inLanguage\":\"nl-NL\",\"potentialAction\":[{\"@type\":\"ReadAction\",\"target\":[\"https:\\\/\\\/steelcon.pl\\\/nl\\\/produkt\\\/stadstype-rol-compleet-h-175-mm\\\/\"]}]},{\"@type\":\"ImageObject\",\"inLanguage\":\"nl-NL\",\"@id\":\"https:\\\/\\\/steelcon.pl\\\/nl\\\/produkt\\\/stadstype-rol-compleet-h-175-mm\\\/#primaryimage\",\"url\":\"https:\\\/\\\/steelcon.pl\\\/wp-content\\\/uploads\\\/2024\\\/06\\\/Rolka-typ-City-kompletna-H-\u2013-175-mm.jpg\",\"contentUrl\":\"https:\\\/\\\/steelcon.pl\\\/wp-content\\\/uploads\\\/2024\\\/06\\\/Rolka-typ-City-kompletna-H-\u2013-175-mm.jpg\",\"width\":370,\"height\":370,\"caption\":\"Rolka typ City kompletna H \u2013 175 mm\"},{\"@type\":\"BreadcrumbList\",\"@id\":\"https:\\\/\\\/steelcon.pl\\\/nl\\\/produkt\\\/stadstype-rol-compleet-h-175-mm\\\/#breadcrumb\",\"itemListElement\":[{\"@type\":\"ListItem\",\"position\":1,\"name\":\"Startpagina\",\"item\":\"https:\\\/\\\/steelcon.pl\\\/nl\\\/\"},{\"@type\":\"ListItem\",\"position\":2,\"name\":\"Online winkel\",\"item\":\"https:\\\/\\\/steelcon.pl\\\/nl\\\/winkel\\\/\"},{\"@type\":\"ListItem\",\"position\":3,\"name\":\"Stadstype rol compleet H &#8211; 175 mm\"}]},{\"@type\":\"WebSite\",\"@id\":\"https:\\\/\\\/steelcon.pl\\\/nl\\\/#website\",\"url\":\"https:\\\/\\\/steelcon.pl\\\/nl\\\/\",\"name\":\"Steelcon\",\"description\":\"Elementy Wyposa\u017cenie Kontener\u00f3w\",\"publisher\":{\"@id\":\"https:\\\/\\\/steelcon.pl\\\/nl\\\/#organization\"},\"potentialAction\":[{\"@type\":\"SearchAction\",\"target\":{\"@type\":\"EntryPoint\",\"urlTemplate\":\"https:\\\/\\\/steelcon.pl\\\/nl\\\/?s={search_term_string}\"},\"query-input\":{\"@type\":\"PropertyValueSpecification\",\"valueRequired\":true,\"valueName\":\"search_term_string\"}}],\"inLanguage\":\"nl-NL\"},{\"@type\":\"Organization\",\"@id\":\"https:\\\/\\\/steelcon.pl\\\/nl\\\/#organization\",\"name\":\"Steelcon - Elementy Wyposa\u017cenia Kontener\u00f3w\",\"url\":\"https:\\\/\\\/steelcon.pl\\\/nl\\\/\",\"logo\":{\"@type\":\"ImageObject\",\"inLanguage\":\"nl-NL\",\"@id\":\"https:\\\/\\\/steelcon.pl\\\/nl\\\/#\\\/schema\\\/logo\\\/image\\\/\",\"url\":\"https:\\\/\\\/steelcon.pl\\\/wp-content\\\/uploads\\\/2024\\\/08\\\/logo-steelcon-1000-x-1000-px.png\",\"contentUrl\":\"https:\\\/\\\/steelcon.pl\\\/wp-content\\\/uploads\\\/2024\\\/08\\\/logo-steelcon-1000-x-1000-px.png\",\"width\":1000,\"height\":1000,\"caption\":\"Steelcon - Elementy Wyposa\u017cenia Kontener\u00f3w\"},\"image\":{\"@id\":\"https:\\\/\\\/steelcon.pl\\\/nl\\\/#\\\/schema\\\/logo\\\/image\\\/\"}}]}<\/script>\n<!-- \/ Yoast SEO plugin. -->","yoast_head_json":{"title":"Stadstype rol compleet H - 175 mm - Steelcon","description":"Stadstype rol compleet H - 175 mm zam\u00f3w online w Steelcon. Zobacz pe\u0142n\u0105 ofert\u0119 element\u00f3w do wyposa\u017cenie kontener\u00f3w.","robots":{"index":"index","follow":"follow","max-snippet":"max-snippet:-1","max-image-preview":"max-image-preview:large","max-video-preview":"max-video-preview:-1"},"canonical":"https:\/\/steelcon.pl\/nl\/produkt\/stadstype-rol-compleet-h-175-mm\/","og_locale":"nl_NL","og_type":"article","og_title":"Stadstype rol compleet H - 175 mm - Steelcon","og_description":"Stadstype rol compleet H - 175 mm zam\u00f3w online w Steelcon. Zobacz pe\u0142n\u0105 ofert\u0119 element\u00f3w do wyposa\u017cenie kontener\u00f3w.","og_url":"https:\/\/steelcon.pl\/nl\/produkt\/stadstype-rol-compleet-h-175-mm\/","og_site_name":"Steelcon","og_image":[{"width":370,"height":370,"url":"https:\/\/steelcon.pl\/wp-content\/uploads\/2024\/06\/Rolka-typ-City-kompletna-H-\u2013-175-mm.jpg","type":"image\/jpeg"}],"twitter_card":"summary_large_image","schema":{"@context":"https:\/\/schema.org","@graph":[{"@type":"WebPage","@id":"https:\/\/steelcon.pl\/nl\/produkt\/stadstype-rol-compleet-h-175-mm\/","url":"https:\/\/steelcon.pl\/nl\/produkt\/stadstype-rol-compleet-h-175-mm\/","name":"Stadstype rol compleet H - 175 mm - Steelcon","isPartOf":{"@id":"https:\/\/steelcon.pl\/nl\/#website"},"primaryImageOfPage":{"@id":"https:\/\/steelcon.pl\/nl\/produkt\/stadstype-rol-compleet-h-175-mm\/#primaryimage"},"image":{"@id":"https:\/\/steelcon.pl\/nl\/produkt\/stadstype-rol-compleet-h-175-mm\/#primaryimage"},"thumbnailUrl":"https:\/\/steelcon.pl\/wp-content\/uploads\/2024\/06\/Rolka-typ-City-kompletna-H-\u2013-175-mm.jpg","datePublished":"2024-04-08T13:20:05+00:00","description":"Stadstype rol compleet H - 175 mm zam\u00f3w online w Steelcon. Zobacz pe\u0142n\u0105 ofert\u0119 element\u00f3w do wyposa\u017cenie kontener\u00f3w.","breadcrumb":{"@id":"https:\/\/steelcon.pl\/nl\/produkt\/stadstype-rol-compleet-h-175-mm\/#breadcrumb"},"inLanguage":"nl-NL","potentialAction":[{"@type":"ReadAction","target":["https:\/\/steelcon.pl\/nl\/produkt\/stadstype-rol-compleet-h-175-mm\/"]}]},{"@type":"ImageObject","inLanguage":"nl-NL","@id":"https:\/\/steelcon.pl\/nl\/produkt\/stadstype-rol-compleet-h-175-mm\/#primaryimage","url":"https:\/\/steelcon.pl\/wp-content\/uploads\/2024\/06\/Rolka-typ-City-kompletna-H-\u2013-175-mm.jpg","contentUrl":"https:\/\/steelcon.pl\/wp-content\/uploads\/2024\/06\/Rolka-typ-City-kompletna-H-\u2013-175-mm.jpg","width":370,"height":370,"caption":"Rolka typ City kompletna H \u2013 175 mm"},{"@type":"BreadcrumbList","@id":"https:\/\/steelcon.pl\/nl\/produkt\/stadstype-rol-compleet-h-175-mm\/#breadcrumb","itemListElement":[{"@type":"ListItem","position":1,"name":"Startpagina","item":"https:\/\/steelcon.pl\/nl\/"},{"@type":"ListItem","position":2,"name":"Online winkel","item":"https:\/\/steelcon.pl\/nl\/winkel\/"},{"@type":"ListItem","position":3,"name":"Stadstype rol compleet H &#8211; 175 mm"}]},{"@type":"WebSite","@id":"https:\/\/steelcon.pl\/nl\/#website","url":"https:\/\/steelcon.pl\/nl\/","name":"Steelcon","description":"Elementy Wyposa\u017cenie Kontener\u00f3w","publisher":{"@id":"https:\/\/steelcon.pl\/nl\/#organization"},"potentialAction":[{"@type":"SearchAction","target":{"@type":"EntryPoint","urlTemplate":"https:\/\/steelcon.pl\/nl\/?s={search_term_string}"},"query-input":{"@type":"PropertyValueSpecification","valueRequired":true,"valueName":"search_term_string"}}],"inLanguage":"nl-NL"},{"@type":"Organization","@id":"https:\/\/steelcon.pl\/nl\/#organization","name":"Steelcon - Elementy Wyposa\u017cenia Kontener\u00f3w","url":"https:\/\/steelcon.pl\/nl\/","logo":{"@type":"ImageObject","inLanguage":"nl-NL","@id":"https:\/\/steelcon.pl\/nl\/#\/schema\/logo\/image\/","url":"https:\/\/steelcon.pl\/wp-content\/uploads\/2024\/08\/logo-steelcon-1000-x-1000-px.png","contentUrl":"https:\/\/steelcon.pl\/wp-content\/uploads\/2024\/08\/logo-steelcon-1000-x-1000-px.png","width":1000,"height":1000,"caption":"Steelcon - Elementy Wyposa\u017cenia Kontener\u00f3w"},"image":{"@id":"https:\/\/steelcon.pl\/nl\/#\/schema\/logo\/image\/"}}]}},"_links":{"self":[{"href":"https:\/\/steelcon.pl\/nl\/wp-json\/wp\/v2\/product\/69054","targetHints":{"allow":["GET"]}}],"collection":[{"href":"https:\/\/steelcon.pl\/nl\/wp-json\/wp\/v2\/product"}],"about":[{"href":"https:\/\/steelcon.pl\/nl\/wp-json\/wp\/v2\/types\/product"}],"wp:featuredmedia":[{"embeddable":true,"href":"https:\/\/steelcon.pl\/nl\/wp-json\/wp\/v2\/media\/69066"}],"wp:attachment":[{"href":"https:\/\/steelcon.pl\/nl\/wp-json\/wp\/v2\/media?parent=69054"}],"wp:term":[{"taxonomy":"product_brand","embeddable":true,"href":"https:\/\/steelcon.pl\/nl\/wp-json\/wp\/v2\/product_brand?post=69054"},{"taxonomy":"product_cat","embeddable":true,"href":"https:\/\/steelcon.pl\/nl\/wp-json\/wp\/v2\/product_cat?post=69054"},{"taxonomy":"product_tag","embeddable":true,"href":"https:\/\/steelcon.pl\/nl\/wp-json\/wp\/v2\/product_tag?post=69054"}],"curies":[{"name":"wp","href":"https:\/\/api.w.org\/{rel}","templated":true}]}}