{"id":65600,"date":"2024-04-08T15:32:30","date_gmt":"2024-04-08T13:32:30","guid":{"rendered":"https:\/\/steelcon.pl\/produkt\/borgveer\/"},"modified":"2024-04-08T15:32:30","modified_gmt":"2024-04-08T13:32:30","slug":"borgveer","status":"publish","type":"product","link":"https:\/\/steelcon.pl\/nl\/produkt\/borgveer\/","title":{"rendered":"Borgveer"},"content":{"rendered":"<h2>Productparameters:<\/h2>\n<p>Afmetingen: d &#8211; 17mm, draaddiameter 2mm Uitvoering: gegalvaniseerd Toepassing: voor M16<\/p>\n","protected":false},"excerpt":{"rendered":"<p>d-17mm, tot M16, draaddiameter 2mm, gegalvaniseerd<\/p>\n","protected":false},"featured_media":65601,"template":"","meta":{"_acf_changed":false,"inline_featured_image":false},"product_brand":[],"product_cat":[1050,873,1052,1051,1049],"product_tag":[],"class_list":{"0":"post-65600","1":"product","2":"type-product","3":"status-publish","4":"has-post-thumbnail","6":"product_cat-klepsluitingen-onderdelen-accessoires","7":"product_cat-type-bachmann-nl","8":"product_cat-vergrendeling-voor-waterdichte-kleppen","9":"product_cat-zwenkklep-vergrendelingen","10":"product_cat-zwenklipsloten-onderdelen-accessoires","12":"first","13":"outofstock","14":"taxable","15":"shipping-taxable","16":"purchasable","17":"product-type-simple"},"acf":[],"yoast_head":"<!-- This site is optimized with the Yoast SEO plugin v27.4 - https:\/\/yoast.com\/product\/yoast-seo-wordpress\/ -->\n<title>Borgveer - Steelcon<\/title>\n<meta name=\"description\" content=\"Borgveer zam\u00f3w online w Steelcon. Zobacz pe\u0142n\u0105 ofert\u0119 element\u00f3w do wyposa\u017cenie kontener\u00f3w.\" \/>\n<meta name=\"robots\" content=\"index, follow, max-snippet:-1, max-image-preview:large, max-video-preview:-1\" \/>\n<link rel=\"canonical\" href=\"https:\/\/steelcon.pl\/nl\/produkt\/borgveer\/\" \/>\n<meta property=\"og:locale\" content=\"nl_NL\" \/>\n<meta property=\"og:type\" content=\"article\" \/>\n<meta property=\"og:title\" content=\"Borgveer - Steelcon\" \/>\n<meta property=\"og:description\" content=\"Borgveer zam\u00f3w online w Steelcon. Zobacz pe\u0142n\u0105 ofert\u0119 element\u00f3w do wyposa\u017cenie kontener\u00f3w.\" \/>\n<meta property=\"og:url\" content=\"https:\/\/steelcon.pl\/nl\/produkt\/borgveer\/\" \/>\n<meta property=\"og:site_name\" content=\"Steelcon\" \/>\n<meta property=\"og:image\" content=\"https:\/\/steelcon.pl\/wp-content\/uploads\/2024\/06\/Sprezyna-powrotna-blokady-4531441.jpg\" \/>\n\t<meta property=\"og:image:width\" content=\"370\" \/>\n\t<meta property=\"og:image:height\" content=\"370\" \/>\n\t<meta property=\"og:image:type\" content=\"image\/jpeg\" \/>\n<meta name=\"twitter:card\" content=\"summary_large_image\" \/>\n<script type=\"application\/ld+json\" class=\"yoast-schema-graph\">{\"@context\":\"https:\\\/\\\/schema.org\",\"@graph\":[{\"@type\":\"WebPage\",\"@id\":\"https:\\\/\\\/steelcon.pl\\\/nl\\\/produkt\\\/borgveer\\\/\",\"url\":\"https:\\\/\\\/steelcon.pl\\\/nl\\\/produkt\\\/borgveer\\\/\",\"name\":\"Borgveer - Steelcon\",\"isPartOf\":{\"@id\":\"https:\\\/\\\/steelcon.pl\\\/nl\\\/#website\"},\"primaryImageOfPage\":{\"@id\":\"https:\\\/\\\/steelcon.pl\\\/nl\\\/produkt\\\/borgveer\\\/#primaryimage\"},\"image\":{\"@id\":\"https:\\\/\\\/steelcon.pl\\\/nl\\\/produkt\\\/borgveer\\\/#primaryimage\"},\"thumbnailUrl\":\"https:\\\/\\\/steelcon.pl\\\/wp-content\\\/uploads\\\/2024\\\/06\\\/Sprezyna-powrotna-blokady-4531441.jpg\",\"datePublished\":\"2024-04-08T13:32:30+00:00\",\"description\":\"Borgveer zam\u00f3w online w Steelcon. Zobacz pe\u0142n\u0105 ofert\u0119 element\u00f3w do wyposa\u017cenie kontener\u00f3w.\",\"breadcrumb\":{\"@id\":\"https:\\\/\\\/steelcon.pl\\\/nl\\\/produkt\\\/borgveer\\\/#breadcrumb\"},\"inLanguage\":\"nl-NL\",\"potentialAction\":[{\"@type\":\"ReadAction\",\"target\":[\"https:\\\/\\\/steelcon.pl\\\/nl\\\/produkt\\\/borgveer\\\/\"]}]},{\"@type\":\"ImageObject\",\"inLanguage\":\"nl-NL\",\"@id\":\"https:\\\/\\\/steelcon.pl\\\/nl\\\/produkt\\\/borgveer\\\/#primaryimage\",\"url\":\"https:\\\/\\\/steelcon.pl\\\/wp-content\\\/uploads\\\/2024\\\/06\\\/Sprezyna-powrotna-blokady-4531441.jpg\",\"contentUrl\":\"https:\\\/\\\/steelcon.pl\\\/wp-content\\\/uploads\\\/2024\\\/06\\\/Sprezyna-powrotna-blokady-4531441.jpg\",\"width\":370,\"height\":370,\"caption\":\"Spr\u0119\u017cyna powrotna blokady 4531441\"},{\"@type\":\"BreadcrumbList\",\"@id\":\"https:\\\/\\\/steelcon.pl\\\/nl\\\/produkt\\\/borgveer\\\/#breadcrumb\",\"itemListElement\":[{\"@type\":\"ListItem\",\"position\":1,\"name\":\"Startpagina\",\"item\":\"https:\\\/\\\/steelcon.pl\\\/nl\\\/\"},{\"@type\":\"ListItem\",\"position\":2,\"name\":\"Online winkel\",\"item\":\"https:\\\/\\\/steelcon.pl\\\/nl\\\/winkel\\\/\"},{\"@type\":\"ListItem\",\"position\":3,\"name\":\"Borgveer\"}]},{\"@type\":\"WebSite\",\"@id\":\"https:\\\/\\\/steelcon.pl\\\/nl\\\/#website\",\"url\":\"https:\\\/\\\/steelcon.pl\\\/nl\\\/\",\"name\":\"Steelcon\",\"description\":\"Elementy Wyposa\u017cenie Kontener\u00f3w\",\"publisher\":{\"@id\":\"https:\\\/\\\/steelcon.pl\\\/nl\\\/#organization\"},\"potentialAction\":[{\"@type\":\"SearchAction\",\"target\":{\"@type\":\"EntryPoint\",\"urlTemplate\":\"https:\\\/\\\/steelcon.pl\\\/nl\\\/?s={search_term_string}\"},\"query-input\":{\"@type\":\"PropertyValueSpecification\",\"valueRequired\":true,\"valueName\":\"search_term_string\"}}],\"inLanguage\":\"nl-NL\"},{\"@type\":\"Organization\",\"@id\":\"https:\\\/\\\/steelcon.pl\\\/nl\\\/#organization\",\"name\":\"Steelcon - Elementy Wyposa\u017cenia Kontener\u00f3w\",\"url\":\"https:\\\/\\\/steelcon.pl\\\/nl\\\/\",\"logo\":{\"@type\":\"ImageObject\",\"inLanguage\":\"nl-NL\",\"@id\":\"https:\\\/\\\/steelcon.pl\\\/nl\\\/#\\\/schema\\\/logo\\\/image\\\/\",\"url\":\"https:\\\/\\\/steelcon.pl\\\/wp-content\\\/uploads\\\/2024\\\/08\\\/logo-steelcon-1000-x-1000-px.png\",\"contentUrl\":\"https:\\\/\\\/steelcon.pl\\\/wp-content\\\/uploads\\\/2024\\\/08\\\/logo-steelcon-1000-x-1000-px.png\",\"width\":1000,\"height\":1000,\"caption\":\"Steelcon - Elementy Wyposa\u017cenia Kontener\u00f3w\"},\"image\":{\"@id\":\"https:\\\/\\\/steelcon.pl\\\/nl\\\/#\\\/schema\\\/logo\\\/image\\\/\"}}]}<\/script>\n<!-- \/ Yoast SEO plugin. -->","yoast_head_json":{"title":"Borgveer - Steelcon","description":"Borgveer zam\u00f3w online w Steelcon. Zobacz pe\u0142n\u0105 ofert\u0119 element\u00f3w do wyposa\u017cenie kontener\u00f3w.","robots":{"index":"index","follow":"follow","max-snippet":"max-snippet:-1","max-image-preview":"max-image-preview:large","max-video-preview":"max-video-preview:-1"},"canonical":"https:\/\/steelcon.pl\/nl\/produkt\/borgveer\/","og_locale":"nl_NL","og_type":"article","og_title":"Borgveer - Steelcon","og_description":"Borgveer zam\u00f3w online w Steelcon. Zobacz pe\u0142n\u0105 ofert\u0119 element\u00f3w do wyposa\u017cenie kontener\u00f3w.","og_url":"https:\/\/steelcon.pl\/nl\/produkt\/borgveer\/","og_site_name":"Steelcon","og_image":[{"width":370,"height":370,"url":"https:\/\/steelcon.pl\/wp-content\/uploads\/2024\/06\/Sprezyna-powrotna-blokady-4531441.jpg","type":"image\/jpeg"}],"twitter_card":"summary_large_image","schema":{"@context":"https:\/\/schema.org","@graph":[{"@type":"WebPage","@id":"https:\/\/steelcon.pl\/nl\/produkt\/borgveer\/","url":"https:\/\/steelcon.pl\/nl\/produkt\/borgveer\/","name":"Borgveer - Steelcon","isPartOf":{"@id":"https:\/\/steelcon.pl\/nl\/#website"},"primaryImageOfPage":{"@id":"https:\/\/steelcon.pl\/nl\/produkt\/borgveer\/#primaryimage"},"image":{"@id":"https:\/\/steelcon.pl\/nl\/produkt\/borgveer\/#primaryimage"},"thumbnailUrl":"https:\/\/steelcon.pl\/wp-content\/uploads\/2024\/06\/Sprezyna-powrotna-blokady-4531441.jpg","datePublished":"2024-04-08T13:32:30+00:00","description":"Borgveer zam\u00f3w online w Steelcon. Zobacz pe\u0142n\u0105 ofert\u0119 element\u00f3w do wyposa\u017cenie kontener\u00f3w.","breadcrumb":{"@id":"https:\/\/steelcon.pl\/nl\/produkt\/borgveer\/#breadcrumb"},"inLanguage":"nl-NL","potentialAction":[{"@type":"ReadAction","target":["https:\/\/steelcon.pl\/nl\/produkt\/borgveer\/"]}]},{"@type":"ImageObject","inLanguage":"nl-NL","@id":"https:\/\/steelcon.pl\/nl\/produkt\/borgveer\/#primaryimage","url":"https:\/\/steelcon.pl\/wp-content\/uploads\/2024\/06\/Sprezyna-powrotna-blokady-4531441.jpg","contentUrl":"https:\/\/steelcon.pl\/wp-content\/uploads\/2024\/06\/Sprezyna-powrotna-blokady-4531441.jpg","width":370,"height":370,"caption":"Spr\u0119\u017cyna powrotna blokady 4531441"},{"@type":"BreadcrumbList","@id":"https:\/\/steelcon.pl\/nl\/produkt\/borgveer\/#breadcrumb","itemListElement":[{"@type":"ListItem","position":1,"name":"Startpagina","item":"https:\/\/steelcon.pl\/nl\/"},{"@type":"ListItem","position":2,"name":"Online winkel","item":"https:\/\/steelcon.pl\/nl\/winkel\/"},{"@type":"ListItem","position":3,"name":"Borgveer"}]},{"@type":"WebSite","@id":"https:\/\/steelcon.pl\/nl\/#website","url":"https:\/\/steelcon.pl\/nl\/","name":"Steelcon","description":"Elementy Wyposa\u017cenie Kontener\u00f3w","publisher":{"@id":"https:\/\/steelcon.pl\/nl\/#organization"},"potentialAction":[{"@type":"SearchAction","target":{"@type":"EntryPoint","urlTemplate":"https:\/\/steelcon.pl\/nl\/?s={search_term_string}"},"query-input":{"@type":"PropertyValueSpecification","valueRequired":true,"valueName":"search_term_string"}}],"inLanguage":"nl-NL"},{"@type":"Organization","@id":"https:\/\/steelcon.pl\/nl\/#organization","name":"Steelcon - Elementy Wyposa\u017cenia Kontener\u00f3w","url":"https:\/\/steelcon.pl\/nl\/","logo":{"@type":"ImageObject","inLanguage":"nl-NL","@id":"https:\/\/steelcon.pl\/nl\/#\/schema\/logo\/image\/","url":"https:\/\/steelcon.pl\/wp-content\/uploads\/2024\/08\/logo-steelcon-1000-x-1000-px.png","contentUrl":"https:\/\/steelcon.pl\/wp-content\/uploads\/2024\/08\/logo-steelcon-1000-x-1000-px.png","width":1000,"height":1000,"caption":"Steelcon - Elementy Wyposa\u017cenia Kontener\u00f3w"},"image":{"@id":"https:\/\/steelcon.pl\/nl\/#\/schema\/logo\/image\/"}}]}},"_links":{"self":[{"href":"https:\/\/steelcon.pl\/nl\/wp-json\/wp\/v2\/product\/65600","targetHints":{"allow":["GET"]}}],"collection":[{"href":"https:\/\/steelcon.pl\/nl\/wp-json\/wp\/v2\/product"}],"about":[{"href":"https:\/\/steelcon.pl\/nl\/wp-json\/wp\/v2\/types\/product"}],"wp:featuredmedia":[{"embeddable":true,"href":"https:\/\/steelcon.pl\/nl\/wp-json\/wp\/v2\/media\/65601"}],"wp:attachment":[{"href":"https:\/\/steelcon.pl\/nl\/wp-json\/wp\/v2\/media?parent=65600"}],"wp:term":[{"taxonomy":"product_brand","embeddable":true,"href":"https:\/\/steelcon.pl\/nl\/wp-json\/wp\/v2\/product_brand?post=65600"},{"taxonomy":"product_cat","embeddable":true,"href":"https:\/\/steelcon.pl\/nl\/wp-json\/wp\/v2\/product_cat?post=65600"},{"taxonomy":"product_tag","embeddable":true,"href":"https:\/\/steelcon.pl\/nl\/wp-json\/wp\/v2\/product_tag?post=65600"}],"curies":[{"name":"wp","href":"https:\/\/api.w.org\/{rel}","templated":true}]}}