{"id":58320,"date":"2024-04-08T15:54:47","date_gmt":"2024-04-08T13:54:47","guid":{"rendered":"https:\/\/steelcon.pl\/produkt\/bevestiging-d-8mm-l-400mm-met-1-haak\/"},"modified":"2024-04-08T15:54:47","modified_gmt":"2024-04-08T13:54:47","slug":"bevestiging-d-8mm-l-400mm-met-1-haak","status":"publish","type":"product","link":"https:\/\/steelcon.pl\/nl\/produkt\/bevestiging-d-8mm-l-400mm-met-1-haak\/","title":{"rendered":"Bevestiging D-8mm L-400mm met 1 haak"},"content":{"rendered":"<h2>Productparameters:<\/h2>\n<p>Afmetingen: D-8mm, L-400mm Ontwerp: elastisch koord, met 1 haak<\/p>\n","protected":false},"excerpt":{"rendered":"<p>D-8mm, L-400mm, met elastisch koord, met 1 haak<\/p>\n","protected":false},"featured_media":58321,"template":"","meta":{"_acf_changed":false,"inline_featured_image":false},"product_brand":[],"product_cat":[964],"product_tag":[],"class_list":{"0":"post-58320","1":"product","2":"type-product","3":"status-publish","4":"has-post-thumbnail","6":"product_cat-accessoires-voor-dekzeilen-en-netten","8":"first","9":"outofstock","10":"taxable","11":"shipping-taxable","12":"purchasable","13":"product-type-simple"},"acf":[],"yoast_head":"<!-- This site is optimized with the Yoast SEO plugin v27.4 - https:\/\/yoast.com\/product\/yoast-seo-wordpress\/ -->\n<title>Bevestiging D-8mm L-400mm met 1 haak - Steelcon<\/title>\n<meta name=\"description\" content=\"Bevestiging D-8mm L-400mm met 1 haak zam\u00f3w online w Steelcon. Zobacz pe\u0142n\u0105 ofert\u0119 element\u00f3w do wyposa\u017cenie kontener\u00f3w.\" \/>\n<meta name=\"robots\" content=\"index, follow, max-snippet:-1, max-image-preview:large, max-video-preview:-1\" \/>\n<link rel=\"canonical\" href=\"https:\/\/steelcon.pl\/nl\/produkt\/bevestiging-d-8mm-l-400mm-met-1-haak\/\" \/>\n<meta property=\"og:locale\" content=\"nl_NL\" \/>\n<meta property=\"og:type\" content=\"article\" \/>\n<meta property=\"og:title\" content=\"Bevestiging D-8mm L-400mm met 1 haak - Steelcon\" \/>\n<meta property=\"og:description\" content=\"Bevestiging D-8mm L-400mm met 1 haak zam\u00f3w online w Steelcon. Zobacz pe\u0142n\u0105 ofert\u0119 element\u00f3w do wyposa\u017cenie kontener\u00f3w.\" \/>\n<meta property=\"og:url\" content=\"https:\/\/steelcon.pl\/nl\/produkt\/bevestiging-d-8mm-l-400mm-met-1-haak\/\" \/>\n<meta property=\"og:site_name\" content=\"Steelcon\" \/>\n<meta property=\"og:image\" content=\"https:\/\/steelcon.pl\/wp-content\/uploads\/2024\/06\/Mocowanie-D-\u2013-8-mm-L-\u2013-400-mm-z-1-haczykiem.jpg\" \/>\n\t<meta property=\"og:image:width\" content=\"370\" \/>\n\t<meta property=\"og:image:height\" content=\"370\" \/>\n\t<meta property=\"og:image:type\" content=\"image\/jpeg\" \/>\n<meta name=\"twitter:card\" content=\"summary_large_image\" \/>\n<script type=\"application\/ld+json\" class=\"yoast-schema-graph\">{\"@context\":\"https:\\\/\\\/schema.org\",\"@graph\":[{\"@type\":\"WebPage\",\"@id\":\"https:\\\/\\\/steelcon.pl\\\/nl\\\/produkt\\\/bevestiging-d-8mm-l-400mm-met-1-haak\\\/\",\"url\":\"https:\\\/\\\/steelcon.pl\\\/nl\\\/produkt\\\/bevestiging-d-8mm-l-400mm-met-1-haak\\\/\",\"name\":\"Bevestiging D-8mm L-400mm met 1 haak - Steelcon\",\"isPartOf\":{\"@id\":\"https:\\\/\\\/steelcon.pl\\\/nl\\\/#website\"},\"primaryImageOfPage\":{\"@id\":\"https:\\\/\\\/steelcon.pl\\\/nl\\\/produkt\\\/bevestiging-d-8mm-l-400mm-met-1-haak\\\/#primaryimage\"},\"image\":{\"@id\":\"https:\\\/\\\/steelcon.pl\\\/nl\\\/produkt\\\/bevestiging-d-8mm-l-400mm-met-1-haak\\\/#primaryimage\"},\"thumbnailUrl\":\"https:\\\/\\\/steelcon.pl\\\/wp-content\\\/uploads\\\/2024\\\/06\\\/Mocowanie-D-\u2013-8-mm-L-\u2013-400-mm-z-1-haczykiem.jpg\",\"datePublished\":\"2024-04-08T13:54:47+00:00\",\"description\":\"Bevestiging D-8mm L-400mm met 1 haak zam\u00f3w online w Steelcon. Zobacz pe\u0142n\u0105 ofert\u0119 element\u00f3w do wyposa\u017cenie kontener\u00f3w.\",\"breadcrumb\":{\"@id\":\"https:\\\/\\\/steelcon.pl\\\/nl\\\/produkt\\\/bevestiging-d-8mm-l-400mm-met-1-haak\\\/#breadcrumb\"},\"inLanguage\":\"nl-NL\",\"potentialAction\":[{\"@type\":\"ReadAction\",\"target\":[\"https:\\\/\\\/steelcon.pl\\\/nl\\\/produkt\\\/bevestiging-d-8mm-l-400mm-met-1-haak\\\/\"]}]},{\"@type\":\"ImageObject\",\"inLanguage\":\"nl-NL\",\"@id\":\"https:\\\/\\\/steelcon.pl\\\/nl\\\/produkt\\\/bevestiging-d-8mm-l-400mm-met-1-haak\\\/#primaryimage\",\"url\":\"https:\\\/\\\/steelcon.pl\\\/wp-content\\\/uploads\\\/2024\\\/06\\\/Mocowanie-D-\u2013-8-mm-L-\u2013-400-mm-z-1-haczykiem.jpg\",\"contentUrl\":\"https:\\\/\\\/steelcon.pl\\\/wp-content\\\/uploads\\\/2024\\\/06\\\/Mocowanie-D-\u2013-8-mm-L-\u2013-400-mm-z-1-haczykiem.jpg\",\"width\":370,\"height\":370,\"caption\":\"Mocowanie D \u2013 8 mm L \u2013 400 mm z 1 haczykiem\"},{\"@type\":\"BreadcrumbList\",\"@id\":\"https:\\\/\\\/steelcon.pl\\\/nl\\\/produkt\\\/bevestiging-d-8mm-l-400mm-met-1-haak\\\/#breadcrumb\",\"itemListElement\":[{\"@type\":\"ListItem\",\"position\":1,\"name\":\"Startpagina\",\"item\":\"https:\\\/\\\/steelcon.pl\\\/nl\\\/\"},{\"@type\":\"ListItem\",\"position\":2,\"name\":\"Online winkel\",\"item\":\"https:\\\/\\\/steelcon.pl\\\/nl\\\/winkel\\\/\"},{\"@type\":\"ListItem\",\"position\":3,\"name\":\"Bevestiging D-8mm L-400mm met 1 haak\"}]},{\"@type\":\"WebSite\",\"@id\":\"https:\\\/\\\/steelcon.pl\\\/nl\\\/#website\",\"url\":\"https:\\\/\\\/steelcon.pl\\\/nl\\\/\",\"name\":\"Steelcon\",\"description\":\"Elementy Wyposa\u017cenie Kontener\u00f3w\",\"publisher\":{\"@id\":\"https:\\\/\\\/steelcon.pl\\\/nl\\\/#organization\"},\"potentialAction\":[{\"@type\":\"SearchAction\",\"target\":{\"@type\":\"EntryPoint\",\"urlTemplate\":\"https:\\\/\\\/steelcon.pl\\\/nl\\\/?s={search_term_string}\"},\"query-input\":{\"@type\":\"PropertyValueSpecification\",\"valueRequired\":true,\"valueName\":\"search_term_string\"}}],\"inLanguage\":\"nl-NL\"},{\"@type\":\"Organization\",\"@id\":\"https:\\\/\\\/steelcon.pl\\\/nl\\\/#organization\",\"name\":\"Steelcon - Elementy Wyposa\u017cenia Kontener\u00f3w\",\"url\":\"https:\\\/\\\/steelcon.pl\\\/nl\\\/\",\"logo\":{\"@type\":\"ImageObject\",\"inLanguage\":\"nl-NL\",\"@id\":\"https:\\\/\\\/steelcon.pl\\\/nl\\\/#\\\/schema\\\/logo\\\/image\\\/\",\"url\":\"https:\\\/\\\/steelcon.pl\\\/wp-content\\\/uploads\\\/2024\\\/08\\\/logo-steelcon-1000-x-1000-px.png\",\"contentUrl\":\"https:\\\/\\\/steelcon.pl\\\/wp-content\\\/uploads\\\/2024\\\/08\\\/logo-steelcon-1000-x-1000-px.png\",\"width\":1000,\"height\":1000,\"caption\":\"Steelcon - Elementy Wyposa\u017cenia Kontener\u00f3w\"},\"image\":{\"@id\":\"https:\\\/\\\/steelcon.pl\\\/nl\\\/#\\\/schema\\\/logo\\\/image\\\/\"}}]}<\/script>\n<!-- \/ Yoast SEO plugin. -->","yoast_head_json":{"title":"Bevestiging D-8mm L-400mm met 1 haak - Steelcon","description":"Bevestiging D-8mm L-400mm met 1 haak zam\u00f3w online w Steelcon. Zobacz pe\u0142n\u0105 ofert\u0119 element\u00f3w do wyposa\u017cenie kontener\u00f3w.","robots":{"index":"index","follow":"follow","max-snippet":"max-snippet:-1","max-image-preview":"max-image-preview:large","max-video-preview":"max-video-preview:-1"},"canonical":"https:\/\/steelcon.pl\/nl\/produkt\/bevestiging-d-8mm-l-400mm-met-1-haak\/","og_locale":"nl_NL","og_type":"article","og_title":"Bevestiging D-8mm L-400mm met 1 haak - Steelcon","og_description":"Bevestiging D-8mm L-400mm met 1 haak zam\u00f3w online w Steelcon. Zobacz pe\u0142n\u0105 ofert\u0119 element\u00f3w do wyposa\u017cenie kontener\u00f3w.","og_url":"https:\/\/steelcon.pl\/nl\/produkt\/bevestiging-d-8mm-l-400mm-met-1-haak\/","og_site_name":"Steelcon","og_image":[{"width":370,"height":370,"url":"https:\/\/steelcon.pl\/wp-content\/uploads\/2024\/06\/Mocowanie-D-\u2013-8-mm-L-\u2013-400-mm-z-1-haczykiem.jpg","type":"image\/jpeg"}],"twitter_card":"summary_large_image","schema":{"@context":"https:\/\/schema.org","@graph":[{"@type":"WebPage","@id":"https:\/\/steelcon.pl\/nl\/produkt\/bevestiging-d-8mm-l-400mm-met-1-haak\/","url":"https:\/\/steelcon.pl\/nl\/produkt\/bevestiging-d-8mm-l-400mm-met-1-haak\/","name":"Bevestiging D-8mm L-400mm met 1 haak - Steelcon","isPartOf":{"@id":"https:\/\/steelcon.pl\/nl\/#website"},"primaryImageOfPage":{"@id":"https:\/\/steelcon.pl\/nl\/produkt\/bevestiging-d-8mm-l-400mm-met-1-haak\/#primaryimage"},"image":{"@id":"https:\/\/steelcon.pl\/nl\/produkt\/bevestiging-d-8mm-l-400mm-met-1-haak\/#primaryimage"},"thumbnailUrl":"https:\/\/steelcon.pl\/wp-content\/uploads\/2024\/06\/Mocowanie-D-\u2013-8-mm-L-\u2013-400-mm-z-1-haczykiem.jpg","datePublished":"2024-04-08T13:54:47+00:00","description":"Bevestiging D-8mm L-400mm met 1 haak zam\u00f3w online w Steelcon. Zobacz pe\u0142n\u0105 ofert\u0119 element\u00f3w do wyposa\u017cenie kontener\u00f3w.","breadcrumb":{"@id":"https:\/\/steelcon.pl\/nl\/produkt\/bevestiging-d-8mm-l-400mm-met-1-haak\/#breadcrumb"},"inLanguage":"nl-NL","potentialAction":[{"@type":"ReadAction","target":["https:\/\/steelcon.pl\/nl\/produkt\/bevestiging-d-8mm-l-400mm-met-1-haak\/"]}]},{"@type":"ImageObject","inLanguage":"nl-NL","@id":"https:\/\/steelcon.pl\/nl\/produkt\/bevestiging-d-8mm-l-400mm-met-1-haak\/#primaryimage","url":"https:\/\/steelcon.pl\/wp-content\/uploads\/2024\/06\/Mocowanie-D-\u2013-8-mm-L-\u2013-400-mm-z-1-haczykiem.jpg","contentUrl":"https:\/\/steelcon.pl\/wp-content\/uploads\/2024\/06\/Mocowanie-D-\u2013-8-mm-L-\u2013-400-mm-z-1-haczykiem.jpg","width":370,"height":370,"caption":"Mocowanie D \u2013 8 mm L \u2013 400 mm z 1 haczykiem"},{"@type":"BreadcrumbList","@id":"https:\/\/steelcon.pl\/nl\/produkt\/bevestiging-d-8mm-l-400mm-met-1-haak\/#breadcrumb","itemListElement":[{"@type":"ListItem","position":1,"name":"Startpagina","item":"https:\/\/steelcon.pl\/nl\/"},{"@type":"ListItem","position":2,"name":"Online winkel","item":"https:\/\/steelcon.pl\/nl\/winkel\/"},{"@type":"ListItem","position":3,"name":"Bevestiging D-8mm L-400mm met 1 haak"}]},{"@type":"WebSite","@id":"https:\/\/steelcon.pl\/nl\/#website","url":"https:\/\/steelcon.pl\/nl\/","name":"Steelcon","description":"Elementy Wyposa\u017cenie Kontener\u00f3w","publisher":{"@id":"https:\/\/steelcon.pl\/nl\/#organization"},"potentialAction":[{"@type":"SearchAction","target":{"@type":"EntryPoint","urlTemplate":"https:\/\/steelcon.pl\/nl\/?s={search_term_string}"},"query-input":{"@type":"PropertyValueSpecification","valueRequired":true,"valueName":"search_term_string"}}],"inLanguage":"nl-NL"},{"@type":"Organization","@id":"https:\/\/steelcon.pl\/nl\/#organization","name":"Steelcon - Elementy Wyposa\u017cenia Kontener\u00f3w","url":"https:\/\/steelcon.pl\/nl\/","logo":{"@type":"ImageObject","inLanguage":"nl-NL","@id":"https:\/\/steelcon.pl\/nl\/#\/schema\/logo\/image\/","url":"https:\/\/steelcon.pl\/wp-content\/uploads\/2024\/08\/logo-steelcon-1000-x-1000-px.png","contentUrl":"https:\/\/steelcon.pl\/wp-content\/uploads\/2024\/08\/logo-steelcon-1000-x-1000-px.png","width":1000,"height":1000,"caption":"Steelcon - Elementy Wyposa\u017cenia Kontener\u00f3w"},"image":{"@id":"https:\/\/steelcon.pl\/nl\/#\/schema\/logo\/image\/"}}]}},"_links":{"self":[{"href":"https:\/\/steelcon.pl\/nl\/wp-json\/wp\/v2\/product\/58320","targetHints":{"allow":["GET"]}}],"collection":[{"href":"https:\/\/steelcon.pl\/nl\/wp-json\/wp\/v2\/product"}],"about":[{"href":"https:\/\/steelcon.pl\/nl\/wp-json\/wp\/v2\/types\/product"}],"wp:featuredmedia":[{"embeddable":true,"href":"https:\/\/steelcon.pl\/nl\/wp-json\/wp\/v2\/media\/58321"}],"wp:attachment":[{"href":"https:\/\/steelcon.pl\/nl\/wp-json\/wp\/v2\/media?parent=58320"}],"wp:term":[{"taxonomy":"product_brand","embeddable":true,"href":"https:\/\/steelcon.pl\/nl\/wp-json\/wp\/v2\/product_brand?post=58320"},{"taxonomy":"product_cat","embeddable":true,"href":"https:\/\/steelcon.pl\/nl\/wp-json\/wp\/v2\/product_cat?post=58320"},{"taxonomy":"product_tag","embeddable":true,"href":"https:\/\/steelcon.pl\/nl\/wp-json\/wp\/v2\/product_tag?post=58320"}],"curies":[{"name":"wp","href":"https:\/\/api.w.org\/{rel}","templated":true}]}}