{"id":58156,"date":"2024-04-08T15:54:20","date_gmt":"2024-04-08T13:54:20","guid":{"rendered":"https:\/\/steelcon.pl\/produkt\/filterelement-8\/"},"modified":"2024-04-08T15:54:20","modified_gmt":"2024-04-08T13:54:20","slug":"filterelement-8","status":"publish","type":"product","link":"https:\/\/steelcon.pl\/nl\/produkt\/filterelement-8\/","title":{"rendered":"Filterelement"},"content":{"rendered":"<h2>Productparameters:<\/h2>\n<p>Opmerkingen: op aanvraag<\/p>\n","protected":false},"excerpt":{"rendered":"<p>op maat<\/p>\n","protected":false},"featured_media":0,"template":"","meta":{"_acf_changed":false,"inline_featured_image":false},"product_brand":[],"product_cat":[968,873],"product_tag":[],"class_list":{"0":"post-58156","1":"product","2":"type-product","3":"status-publish","5":"product_cat-filterpatronen","6":"product_cat-type-bachmann-nl","8":"first","9":"outofstock","10":"taxable","11":"shipping-taxable","12":"purchasable","13":"product-type-simple"},"acf":[],"yoast_head":"<!-- This site is optimized with the Yoast SEO plugin v27.0 - https:\/\/yoast.com\/product\/yoast-seo-wordpress\/ -->\n<title>Filterelement - Steelcon<\/title>\n<meta name=\"description\" content=\"Filterelement zam\u00f3w online w Steelcon. Zobacz pe\u0142n\u0105 ofert\u0119 element\u00f3w do wyposa\u017cenie kontener\u00f3w.\" \/>\n<meta name=\"robots\" content=\"index, follow, max-snippet:-1, max-image-preview:large, max-video-preview:-1\" \/>\n<link rel=\"canonical\" href=\"https:\/\/steelcon.pl\/nl\/produkt\/filterelement-8\/\" \/>\n<meta property=\"og:locale\" content=\"nl_NL\" \/>\n<meta property=\"og:type\" content=\"article\" \/>\n<meta property=\"og:title\" content=\"Filterelement - Steelcon\" \/>\n<meta property=\"og:description\" content=\"Filterelement zam\u00f3w online w Steelcon. Zobacz pe\u0142n\u0105 ofert\u0119 element\u00f3w do wyposa\u017cenie kontener\u00f3w.\" \/>\n<meta property=\"og:url\" content=\"https:\/\/steelcon.pl\/nl\/produkt\/filterelement-8\/\" \/>\n<meta property=\"og:site_name\" content=\"Steelcon\" \/>\n<meta property=\"og:image\" content=\"https:\/\/steelcon.pl\/wp-content\/uploads\/2024\/08\/logo-steelcon.png\" \/>\n\t<meta property=\"og:image:width\" content=\"1200\" \/>\n\t<meta property=\"og:image:height\" content=\"675\" \/>\n\t<meta property=\"og:image:type\" content=\"image\/png\" \/>\n<meta name=\"twitter:card\" content=\"summary_large_image\" \/>\n<script type=\"application\/ld+json\" class=\"yoast-schema-graph\">{\"@context\":\"https:\/\/schema.org\",\"@graph\":[{\"@type\":\"WebPage\",\"@id\":\"https:\/\/steelcon.pl\/nl\/produkt\/filterelement-8\/\",\"url\":\"https:\/\/steelcon.pl\/nl\/produkt\/filterelement-8\/\",\"name\":\"Filterelement - Steelcon\",\"isPartOf\":{\"@id\":\"https:\/\/steelcon.pl\/nl\/#website\"},\"datePublished\":\"2024-04-08T13:54:20+00:00\",\"description\":\"Filterelement zam\u00f3w online w Steelcon. Zobacz pe\u0142n\u0105 ofert\u0119 element\u00f3w do wyposa\u017cenie kontener\u00f3w.\",\"breadcrumb\":{\"@id\":\"https:\/\/steelcon.pl\/nl\/produkt\/filterelement-8\/#breadcrumb\"},\"inLanguage\":\"nl-NL\",\"potentialAction\":[{\"@type\":\"ReadAction\",\"target\":[\"https:\/\/steelcon.pl\/nl\/produkt\/filterelement-8\/\"]}]},{\"@type\":\"BreadcrumbList\",\"@id\":\"https:\/\/steelcon.pl\/nl\/produkt\/filterelement-8\/#breadcrumb\",\"itemListElement\":[{\"@type\":\"ListItem\",\"position\":1,\"name\":\"Startpagina\",\"item\":\"https:\/\/steelcon.pl\/nl\/\"},{\"@type\":\"ListItem\",\"position\":2,\"name\":\"Online winkel\",\"item\":\"https:\/\/steelcon.pl\/nl\/winkel\/\"},{\"@type\":\"ListItem\",\"position\":3,\"name\":\"Filterelement\"}]},{\"@type\":\"WebSite\",\"@id\":\"https:\/\/steelcon.pl\/nl\/#website\",\"url\":\"https:\/\/steelcon.pl\/nl\/\",\"name\":\"Steelcon\",\"description\":\"Elementy Wyposa\u017cenie Kontener\u00f3w\",\"publisher\":{\"@id\":\"https:\/\/steelcon.pl\/nl\/#organization\"},\"potentialAction\":[{\"@type\":\"SearchAction\",\"target\":{\"@type\":\"EntryPoint\",\"urlTemplate\":\"https:\/\/steelcon.pl\/nl\/?s={search_term_string}\"},\"query-input\":{\"@type\":\"PropertyValueSpecification\",\"valueRequired\":true,\"valueName\":\"search_term_string\"}}],\"inLanguage\":\"nl-NL\"},{\"@type\":\"Organization\",\"@id\":\"https:\/\/steelcon.pl\/nl\/#organization\",\"name\":\"Steelcon - Elementy Wyposa\u017cenia Kontener\u00f3w\",\"url\":\"https:\/\/steelcon.pl\/nl\/\",\"logo\":{\"@type\":\"ImageObject\",\"inLanguage\":\"nl-NL\",\"@id\":\"https:\/\/steelcon.pl\/nl\/#\/schema\/logo\/image\/\",\"url\":\"https:\/\/steelcon.pl\/wp-content\/uploads\/2024\/08\/logo-steelcon-1000-x-1000-px.png\",\"contentUrl\":\"https:\/\/steelcon.pl\/wp-content\/uploads\/2024\/08\/logo-steelcon-1000-x-1000-px.png\",\"width\":1000,\"height\":1000,\"caption\":\"Steelcon - Elementy Wyposa\u017cenia Kontener\u00f3w\"},\"image\":{\"@id\":\"https:\/\/steelcon.pl\/nl\/#\/schema\/logo\/image\/\"}}]}<\/script>\n<!-- \/ Yoast SEO plugin. -->","yoast_head_json":{"title":"Filterelement - Steelcon","description":"Filterelement zam\u00f3w online w Steelcon. Zobacz pe\u0142n\u0105 ofert\u0119 element\u00f3w do wyposa\u017cenie kontener\u00f3w.","robots":{"index":"index","follow":"follow","max-snippet":"max-snippet:-1","max-image-preview":"max-image-preview:large","max-video-preview":"max-video-preview:-1"},"canonical":"https:\/\/steelcon.pl\/nl\/produkt\/filterelement-8\/","og_locale":"nl_NL","og_type":"article","og_title":"Filterelement - Steelcon","og_description":"Filterelement zam\u00f3w online w Steelcon. Zobacz pe\u0142n\u0105 ofert\u0119 element\u00f3w do wyposa\u017cenie kontener\u00f3w.","og_url":"https:\/\/steelcon.pl\/nl\/produkt\/filterelement-8\/","og_site_name":"Steelcon","og_image":[{"width":1200,"height":675,"url":"https:\/\/steelcon.pl\/wp-content\/uploads\/2024\/08\/logo-steelcon.png","type":"image\/png"}],"twitter_card":"summary_large_image","schema":{"@context":"https:\/\/schema.org","@graph":[{"@type":"WebPage","@id":"https:\/\/steelcon.pl\/nl\/produkt\/filterelement-8\/","url":"https:\/\/steelcon.pl\/nl\/produkt\/filterelement-8\/","name":"Filterelement - Steelcon","isPartOf":{"@id":"https:\/\/steelcon.pl\/nl\/#website"},"datePublished":"2024-04-08T13:54:20+00:00","description":"Filterelement zam\u00f3w online w Steelcon. Zobacz pe\u0142n\u0105 ofert\u0119 element\u00f3w do wyposa\u017cenie kontener\u00f3w.","breadcrumb":{"@id":"https:\/\/steelcon.pl\/nl\/produkt\/filterelement-8\/#breadcrumb"},"inLanguage":"nl-NL","potentialAction":[{"@type":"ReadAction","target":["https:\/\/steelcon.pl\/nl\/produkt\/filterelement-8\/"]}]},{"@type":"BreadcrumbList","@id":"https:\/\/steelcon.pl\/nl\/produkt\/filterelement-8\/#breadcrumb","itemListElement":[{"@type":"ListItem","position":1,"name":"Startpagina","item":"https:\/\/steelcon.pl\/nl\/"},{"@type":"ListItem","position":2,"name":"Online winkel","item":"https:\/\/steelcon.pl\/nl\/winkel\/"},{"@type":"ListItem","position":3,"name":"Filterelement"}]},{"@type":"WebSite","@id":"https:\/\/steelcon.pl\/nl\/#website","url":"https:\/\/steelcon.pl\/nl\/","name":"Steelcon","description":"Elementy Wyposa\u017cenie Kontener\u00f3w","publisher":{"@id":"https:\/\/steelcon.pl\/nl\/#organization"},"potentialAction":[{"@type":"SearchAction","target":{"@type":"EntryPoint","urlTemplate":"https:\/\/steelcon.pl\/nl\/?s={search_term_string}"},"query-input":{"@type":"PropertyValueSpecification","valueRequired":true,"valueName":"search_term_string"}}],"inLanguage":"nl-NL"},{"@type":"Organization","@id":"https:\/\/steelcon.pl\/nl\/#organization","name":"Steelcon - Elementy Wyposa\u017cenia Kontener\u00f3w","url":"https:\/\/steelcon.pl\/nl\/","logo":{"@type":"ImageObject","inLanguage":"nl-NL","@id":"https:\/\/steelcon.pl\/nl\/#\/schema\/logo\/image\/","url":"https:\/\/steelcon.pl\/wp-content\/uploads\/2024\/08\/logo-steelcon-1000-x-1000-px.png","contentUrl":"https:\/\/steelcon.pl\/wp-content\/uploads\/2024\/08\/logo-steelcon-1000-x-1000-px.png","width":1000,"height":1000,"caption":"Steelcon - Elementy Wyposa\u017cenia Kontener\u00f3w"},"image":{"@id":"https:\/\/steelcon.pl\/nl\/#\/schema\/logo\/image\/"}}]}},"_links":{"self":[{"href":"https:\/\/steelcon.pl\/nl\/wp-json\/wp\/v2\/product\/58156","targetHints":{"allow":["GET"]}}],"collection":[{"href":"https:\/\/steelcon.pl\/nl\/wp-json\/wp\/v2\/product"}],"about":[{"href":"https:\/\/steelcon.pl\/nl\/wp-json\/wp\/v2\/types\/product"}],"wp:attachment":[{"href":"https:\/\/steelcon.pl\/nl\/wp-json\/wp\/v2\/media?parent=58156"}],"wp:term":[{"taxonomy":"product_brand","embeddable":true,"href":"https:\/\/steelcon.pl\/nl\/wp-json\/wp\/v2\/product_brand?post=58156"},{"taxonomy":"product_cat","embeddable":true,"href":"https:\/\/steelcon.pl\/nl\/wp-json\/wp\/v2\/product_cat?post=58156"},{"taxonomy":"product_tag","embeddable":true,"href":"https:\/\/steelcon.pl\/nl\/wp-json\/wp\/v2\/product_tag?post=58156"}],"curies":[{"name":"wp","href":"https:\/\/api.w.org\/{rel}","templated":true}]}}