{"id":56513,"date":"2024-04-08T15:48:07","date_gmt":"2024-04-08T13:48:07","guid":{"rendered":"https:\/\/steelcon.pl\/produkt\/filter-insert\/"},"modified":"2024-04-08T15:48:07","modified_gmt":"2024-04-08T13:48:07","slug":"filter-insert","status":"publish","type":"product","link":"https:\/\/steelcon.pl\/en\/produkt\/filter-insert\/","title":{"rendered":"Filter insert"},"content":{"rendered":"<h2>Product parameters:<\/h2>\n<p>Dimensions: 25x95x140mm Notes: WPLM<\/p>\n","protected":false},"excerpt":{"rendered":"<p>25-95-140mm, WPLM<\/p>\n","protected":false},"featured_media":50599,"template":"","meta":{"_acf_changed":false,"inline_featured_image":false},"product_brand":[],"product_cat":[841,857],"product_tag":[],"class_list":{"0":"post-56513","1":"product","2":"type-product","3":"status-publish","4":"has-post-thumbnail","6":"product_cat-type-bachmann","7":"product_cat-type-wagner","9":"first","10":"outofstock","11":"taxable","12":"shipping-taxable","13":"purchasable","14":"product-type-simple"},"acf":[],"yoast_head":"<!-- This site is optimized with the Yoast SEO plugin v27.0 - https:\/\/yoast.com\/product\/yoast-seo-wordpress\/ -->\n<title>Filter insert - Steelcon<\/title>\n<meta name=\"description\" content=\"Filter insert zam\u00f3w online w Steelcon. Zobacz pe\u0142n\u0105 ofert\u0119 element\u00f3w do wyposa\u017cenie kontener\u00f3w.\" \/>\n<meta name=\"robots\" content=\"index, follow, max-snippet:-1, max-image-preview:large, max-video-preview:-1\" \/>\n<link rel=\"canonical\" href=\"https:\/\/steelcon.pl\/en\/produkt\/filter-insert\/\" \/>\n<meta property=\"og:locale\" content=\"en_US\" \/>\n<meta property=\"og:type\" content=\"article\" \/>\n<meta property=\"og:title\" content=\"Filter insert - Steelcon\" \/>\n<meta property=\"og:description\" content=\"Filter insert zam\u00f3w online w Steelcon. Zobacz pe\u0142n\u0105 ofert\u0119 element\u00f3w do wyposa\u017cenie kontener\u00f3w.\" \/>\n<meta property=\"og:url\" content=\"https:\/\/steelcon.pl\/en\/produkt\/filter-insert\/\" \/>\n<meta property=\"og:site_name\" content=\"Steelcon\" \/>\n<meta property=\"og:image\" content=\"https:\/\/steelcon.pl\/wp-content\/uploads\/2024\/06\/Wklad-filtra-465090.jpg\" \/>\n\t<meta property=\"og:image:width\" content=\"370\" \/>\n\t<meta property=\"og:image:height\" content=\"370\" \/>\n\t<meta property=\"og:image:type\" content=\"image\/jpeg\" \/>\n<meta name=\"twitter:card\" content=\"summary_large_image\" \/>\n<script type=\"application\/ld+json\" class=\"yoast-schema-graph\">{\"@context\":\"https:\/\/schema.org\",\"@graph\":[{\"@type\":\"WebPage\",\"@id\":\"https:\/\/steelcon.pl\/en\/produkt\/filter-insert\/\",\"url\":\"https:\/\/steelcon.pl\/en\/produkt\/filter-insert\/\",\"name\":\"Filter insert - Steelcon\",\"isPartOf\":{\"@id\":\"https:\/\/steelcon.pl\/en\/#website\"},\"primaryImageOfPage\":{\"@id\":\"https:\/\/steelcon.pl\/en\/produkt\/filter-insert\/#primaryimage\"},\"image\":{\"@id\":\"https:\/\/steelcon.pl\/en\/produkt\/filter-insert\/#primaryimage\"},\"thumbnailUrl\":\"https:\/\/steelcon.pl\/wp-content\/uploads\/2024\/06\/Wklad-filtra-465090.jpg\",\"datePublished\":\"2024-04-08T13:48:07+00:00\",\"description\":\"Filter insert zam\u00f3w online w Steelcon. Zobacz pe\u0142n\u0105 ofert\u0119 element\u00f3w do wyposa\u017cenie kontener\u00f3w.\",\"breadcrumb\":{\"@id\":\"https:\/\/steelcon.pl\/en\/produkt\/filter-insert\/#breadcrumb\"},\"inLanguage\":\"en-US\",\"potentialAction\":[{\"@type\":\"ReadAction\",\"target\":[\"https:\/\/steelcon.pl\/en\/produkt\/filter-insert\/\"]}]},{\"@type\":\"ImageObject\",\"inLanguage\":\"en-US\",\"@id\":\"https:\/\/steelcon.pl\/en\/produkt\/filter-insert\/#primaryimage\",\"url\":\"https:\/\/steelcon.pl\/wp-content\/uploads\/2024\/06\/Wklad-filtra-465090.jpg\",\"contentUrl\":\"https:\/\/steelcon.pl\/wp-content\/uploads\/2024\/06\/Wklad-filtra-465090.jpg\",\"width\":370,\"height\":370,\"caption\":\"Filter cartridge 465090\"},{\"@type\":\"BreadcrumbList\",\"@id\":\"https:\/\/steelcon.pl\/en\/produkt\/filter-insert\/#breadcrumb\",\"itemListElement\":[{\"@type\":\"ListItem\",\"position\":1,\"name\":\"Home\",\"item\":\"https:\/\/steelcon.pl\/en\/\"},{\"@type\":\"ListItem\",\"position\":2,\"name\":\"Online shop\",\"item\":\"https:\/\/steelcon.pl\/en\/shop\/\"},{\"@type\":\"ListItem\",\"position\":3,\"name\":\"Filter insert\"}]},{\"@type\":\"WebSite\",\"@id\":\"https:\/\/steelcon.pl\/en\/#website\",\"url\":\"https:\/\/steelcon.pl\/en\/\",\"name\":\"Steelcon\",\"description\":\"Elementy Wyposa\u017cenie Kontener\u00f3w\",\"publisher\":{\"@id\":\"https:\/\/steelcon.pl\/en\/#organization\"},\"potentialAction\":[{\"@type\":\"SearchAction\",\"target\":{\"@type\":\"EntryPoint\",\"urlTemplate\":\"https:\/\/steelcon.pl\/en\/?s={search_term_string}\"},\"query-input\":{\"@type\":\"PropertyValueSpecification\",\"valueRequired\":true,\"valueName\":\"search_term_string\"}}],\"inLanguage\":\"en-US\"},{\"@type\":\"Organization\",\"@id\":\"https:\/\/steelcon.pl\/en\/#organization\",\"name\":\"Steelcon - Elementy Wyposa\u017cenia Kontener\u00f3w\",\"url\":\"https:\/\/steelcon.pl\/en\/\",\"logo\":{\"@type\":\"ImageObject\",\"inLanguage\":\"en-US\",\"@id\":\"https:\/\/steelcon.pl\/en\/#\/schema\/logo\/image\/\",\"url\":\"https:\/\/steelcon.pl\/wp-content\/uploads\/2024\/08\/logo-steelcon-1000-x-1000-px.png\",\"contentUrl\":\"https:\/\/steelcon.pl\/wp-content\/uploads\/2024\/08\/logo-steelcon-1000-x-1000-px.png\",\"width\":1000,\"height\":1000,\"caption\":\"Steelcon - Elementy Wyposa\u017cenia Kontener\u00f3w\"},\"image\":{\"@id\":\"https:\/\/steelcon.pl\/en\/#\/schema\/logo\/image\/\"}}]}<\/script>\n<!-- \/ Yoast SEO plugin. -->","yoast_head_json":{"title":"Filter insert - Steelcon","description":"Filter insert zam\u00f3w online w Steelcon. Zobacz pe\u0142n\u0105 ofert\u0119 element\u00f3w do wyposa\u017cenie kontener\u00f3w.","robots":{"index":"index","follow":"follow","max-snippet":"max-snippet:-1","max-image-preview":"max-image-preview:large","max-video-preview":"max-video-preview:-1"},"canonical":"https:\/\/steelcon.pl\/en\/produkt\/filter-insert\/","og_locale":"en_US","og_type":"article","og_title":"Filter insert - Steelcon","og_description":"Filter insert zam\u00f3w online w Steelcon. Zobacz pe\u0142n\u0105 ofert\u0119 element\u00f3w do wyposa\u017cenie kontener\u00f3w.","og_url":"https:\/\/steelcon.pl\/en\/produkt\/filter-insert\/","og_site_name":"Steelcon","og_image":[{"width":370,"height":370,"url":"https:\/\/steelcon.pl\/wp-content\/uploads\/2024\/06\/Wklad-filtra-465090.jpg","type":"image\/jpeg"}],"twitter_card":"summary_large_image","schema":{"@context":"https:\/\/schema.org","@graph":[{"@type":"WebPage","@id":"https:\/\/steelcon.pl\/en\/produkt\/filter-insert\/","url":"https:\/\/steelcon.pl\/en\/produkt\/filter-insert\/","name":"Filter insert - Steelcon","isPartOf":{"@id":"https:\/\/steelcon.pl\/en\/#website"},"primaryImageOfPage":{"@id":"https:\/\/steelcon.pl\/en\/produkt\/filter-insert\/#primaryimage"},"image":{"@id":"https:\/\/steelcon.pl\/en\/produkt\/filter-insert\/#primaryimage"},"thumbnailUrl":"https:\/\/steelcon.pl\/wp-content\/uploads\/2024\/06\/Wklad-filtra-465090.jpg","datePublished":"2024-04-08T13:48:07+00:00","description":"Filter insert zam\u00f3w online w Steelcon. Zobacz pe\u0142n\u0105 ofert\u0119 element\u00f3w do wyposa\u017cenie kontener\u00f3w.","breadcrumb":{"@id":"https:\/\/steelcon.pl\/en\/produkt\/filter-insert\/#breadcrumb"},"inLanguage":"en-US","potentialAction":[{"@type":"ReadAction","target":["https:\/\/steelcon.pl\/en\/produkt\/filter-insert\/"]}]},{"@type":"ImageObject","inLanguage":"en-US","@id":"https:\/\/steelcon.pl\/en\/produkt\/filter-insert\/#primaryimage","url":"https:\/\/steelcon.pl\/wp-content\/uploads\/2024\/06\/Wklad-filtra-465090.jpg","contentUrl":"https:\/\/steelcon.pl\/wp-content\/uploads\/2024\/06\/Wklad-filtra-465090.jpg","width":370,"height":370,"caption":"Filter cartridge 465090"},{"@type":"BreadcrumbList","@id":"https:\/\/steelcon.pl\/en\/produkt\/filter-insert\/#breadcrumb","itemListElement":[{"@type":"ListItem","position":1,"name":"Home","item":"https:\/\/steelcon.pl\/en\/"},{"@type":"ListItem","position":2,"name":"Online shop","item":"https:\/\/steelcon.pl\/en\/shop\/"},{"@type":"ListItem","position":3,"name":"Filter insert"}]},{"@type":"WebSite","@id":"https:\/\/steelcon.pl\/en\/#website","url":"https:\/\/steelcon.pl\/en\/","name":"Steelcon","description":"Elementy Wyposa\u017cenie Kontener\u00f3w","publisher":{"@id":"https:\/\/steelcon.pl\/en\/#organization"},"potentialAction":[{"@type":"SearchAction","target":{"@type":"EntryPoint","urlTemplate":"https:\/\/steelcon.pl\/en\/?s={search_term_string}"},"query-input":{"@type":"PropertyValueSpecification","valueRequired":true,"valueName":"search_term_string"}}],"inLanguage":"en-US"},{"@type":"Organization","@id":"https:\/\/steelcon.pl\/en\/#organization","name":"Steelcon - Elementy Wyposa\u017cenia Kontener\u00f3w","url":"https:\/\/steelcon.pl\/en\/","logo":{"@type":"ImageObject","inLanguage":"en-US","@id":"https:\/\/steelcon.pl\/en\/#\/schema\/logo\/image\/","url":"https:\/\/steelcon.pl\/wp-content\/uploads\/2024\/08\/logo-steelcon-1000-x-1000-px.png","contentUrl":"https:\/\/steelcon.pl\/wp-content\/uploads\/2024\/08\/logo-steelcon-1000-x-1000-px.png","width":1000,"height":1000,"caption":"Steelcon - Elementy Wyposa\u017cenia Kontener\u00f3w"},"image":{"@id":"https:\/\/steelcon.pl\/en\/#\/schema\/logo\/image\/"}}]}},"_links":{"self":[{"href":"https:\/\/steelcon.pl\/en\/wp-json\/wp\/v2\/product\/56513","targetHints":{"allow":["GET"]}}],"collection":[{"href":"https:\/\/steelcon.pl\/en\/wp-json\/wp\/v2\/product"}],"about":[{"href":"https:\/\/steelcon.pl\/en\/wp-json\/wp\/v2\/types\/product"}],"wp:featuredmedia":[{"embeddable":true,"href":"https:\/\/steelcon.pl\/en\/wp-json\/wp\/v2\/media\/50599"}],"wp:attachment":[{"href":"https:\/\/steelcon.pl\/en\/wp-json\/wp\/v2\/media?parent=56513"}],"wp:term":[{"taxonomy":"product_brand","embeddable":true,"href":"https:\/\/steelcon.pl\/en\/wp-json\/wp\/v2\/product_brand?post=56513"},{"taxonomy":"product_cat","embeddable":true,"href":"https:\/\/steelcon.pl\/en\/wp-json\/wp\/v2\/product_cat?post=56513"},{"taxonomy":"product_tag","embeddable":true,"href":"https:\/\/steelcon.pl\/en\/wp-json\/wp\/v2\/product_tag?post=56513"}],"curies":[{"name":"wp","href":"https:\/\/api.w.org\/{rel}","templated":true}]}}