{"id":30086,"date":"2025-02-27T17:44:17","date_gmt":"2025-02-27T16:44:17","guid":{"rendered":"https:\/\/steelcon.pl\/projekty-unijne-2\/"},"modified":"2025-04-01T21:14:38","modified_gmt":"2025-04-01T19:14:38","slug":"eu-projects","status":"publish","type":"page","link":"https:\/\/steelcon.pl\/en\/eu-projects\/","title":{"rendered":"EU Projects"},"content":{"rendered":"\n<div class=\"wp-block-cover\" style=\"margin-top:0;margin-bottom:0;padding-top:var(--wp--preset--spacing--60);padding-bottom:var(--wp--preset--spacing--60);min-height:50px;aspect-ratio:unset;\"><span aria-hidden=\"true\" class=\"wp-block-cover__background has-blue-550-background-color has-background-dim-100 has-background-dim\"><\/span><div class=\"wp-block-cover__inner-container is-layout-flow wp-block-cover-is-layout-flow\">\n<div class=\"wp-block-group container is-layout-constrained wp-block-group-is-layout-constrained\">\n<h1 class=\"wp-block-heading has-text-align-left has-white-color has-text-color has-xl-font-size\" style=\"margin-bottom:var(--wp--preset--spacing--10);text-transform:none\">EU Projects<\/h1>\n\n\n<span><span><a href=\"https:\/\/steelcon.pl\/en\/\">Home<\/a><\/span><\/span>\n<\/div>\n<\/div><\/div>\n\n<div class=\"wp-block-columns is-not-stacked-on-mobile container is-style-text-media is-layout-flex wp-container-core-columns-is-layout-47c06fe3 wp-block-columns-is-layout-flex\">\n<div class=\"wp-block-column is-vertically-aligned-center is-layout-flow wp-container-core-column-is-layout-10073889 wp-block-column-is-layout-flow\" style=\"padding-top:var(--wp--preset--spacing--30);padding-bottom:var(--wp--preset--spacing--30)\">\n<ol class=\"wp-block-list\">\n<li><\/li>\n<\/ol>\n\n\n\n<p><img loading=\"lazy\" decoding=\"async\" width=\"600\" height=\"91\" class=\"wp-image-29973\" style=\"width: 600px;\" src=\"https:\/\/steelcon.pl\/wp-content\/uploads\/2024\/11\/POIR.png\" alt=\"European Funds for Intelligent Development\" srcset=\"https:\/\/steelcon.pl\/wp-content\/uploads\/2024\/11\/POIR.png 678w, https:\/\/steelcon.pl\/wp-content\/uploads\/2024\/11\/POIR-300x46.png 300w, https:\/\/steelcon.pl\/wp-content\/uploads\/2024\/11\/POIR-600x91.png 600w\" sizes=\"auto, (max-width: 600px) 100vw, 600px\" \/><\/p>\n\n\n\n<p><strong>Steelcon Sp. z o.o. is implementing a project co-financed by European Funds titled &#8220;Purchase and implementation of an intelligent production management system for container and waste bin equipment components.  <\/strong><\/p>\n\n\n\n<p>The goal of the project is to optimize the production process of container and waste bin equipment components by automatically allocating production tasks within 5 seconds, considering the most efficient path for completing all production orders and maximizing the use of available employee and machine work time. This objective will be achieved through the implementation of the IPO system, which independently controls the work of employees and machines, taking into account the real-time status of resources, orders and the situation on the production line. Without the involvement of planners or direct supervisors, the system makes optimal decisions regarding the sequence of execution and resource selection for each technological task. The IPO system allows production managers to get more time for other operations than constantly to carry out complex planning, logistics processes and direct task assignments. The effects of project implementation include, among others, reduced production costs, increased process efficiency, full control over order completion deadlines, and maximum utilization of bottlenecks in the executed processes.     <\/p>\n\n\n\n<p>Project date: 2021-05-01 to 2022-06-30<\/p>\n\n\n\n<p>Total value of the project: 533 205,00 PLN<\/p>\n\n\n\n<p>UE funds: 368 475,00 PLN<\/p>\n\n\n\n<p>The project is co-financed by the European Union from the European Regional Development Fund under the Intelligent Development Operational Programme, Sub-measure 2.2.2 Open Innovations \u2013 Supporting Technology Transfer. <img loading=\"lazy\" decoding=\"async\" width=\"600\" height=\"91\" class=\"wp-image-29973\" style=\"width: 600px;\" src=\"https:\/\/steelcon.pl\/wp-content\/uploads\/2024\/11\/POIR.png\" alt=\"European Funds for Intelligent Development\" srcset=\"https:\/\/steelcon.pl\/wp-content\/uploads\/2024\/11\/POIR.png 678w, https:\/\/steelcon.pl\/wp-content\/uploads\/2024\/11\/POIR-300x46.png 300w, https:\/\/steelcon.pl\/wp-content\/uploads\/2024\/11\/POIR-600x91.png 600w\" sizes=\"auto, (max-width: 600px) 100vw, 600px\" \/><\/p>\n\n\n\n<p><strong>Steelcon Sp. z o.o. used funds funding under the Working Capital Grant.<\/strong><\/p>\n\n\n\n<p><strong>Contract No. POIR.03.04.00-22-0294\/20-00<\/strong><br\/><img decoding=\"async\" src=\"https:\/\/steelcon.pl\/rpo_pomorskie.png\" alt=\"European Funds - Regional Program for the Pomeranian Region\"\/><\/p>\n\n\n\n<p><strong>Steelcon Sp. z o.o. is implementing a project co-financed by European Funds titled &#8220;Improving the eco-efficiency of Steelcon by reducing the material intensity of production processes.&#8221; <\/strong><\/p>\n\n\n\n<p>The goal of the project is to strengthen the competitive potential of <a href=\"https:\/\/steelcon.pl\/en\/about_us\">Steelcon Sp. z o.o.<\/a> by implementing an investment that reduces waste and increases the efficiency of production processes.<\/p>\n\n\n\n<p>The result of the project will be a reduction in material and raw material consumption in the production process, a decrease in waste volume and a reduction in the use of raw materials and supplies.<\/p>\n\n\n\n<p><strong>The value of the project: 3 341 192,00 PLN<\/strong><\/p>\n\n\n\n<p><strong>UE funds: 840 220,00 PLN<\/strong><br\/><img decoding=\"async\" src=\"https:\/\/steelcon.pl\/rpo_pomorskie.png\" alt=\"European Funds - Regional Program for the Pomeranian Region\"\/><\/p>\n\n\n\n<p><img loading=\"lazy\" decoding=\"async\" width=\"600\" height=\"50\" class=\"wp-image-29972\" style=\"width: 600px;\" src=\"https:\/\/steelcon.pl\/wp-content\/uploads\/2024\/11\/rpo_pomorskie.png\" alt=\"European Funds - Regional Program for the Pomeranian Region\" srcset=\"https:\/\/steelcon.pl\/wp-content\/uploads\/2024\/11\/rpo_pomorskie.png 656w, https:\/\/steelcon.pl\/wp-content\/uploads\/2024\/11\/rpo_pomorskie-300x25.png 300w, https:\/\/steelcon.pl\/wp-content\/uploads\/2024\/11\/rpo_pomorskie-600x50.png 600w\" sizes=\"auto, (max-width: 600px) 100vw, 600px\" \/> <\/p>\n\n\n\n<p><strong>Steelcon Sp. z o.o. is implementing a project co-financed by European Funds titled &#8220;Environmentally Friendly Manufacturing Enterprises in Warblewo and Kobylnica,&#8221; in partnership with the company Przedsi\u0119biorstwo Wyrob\u00f3w Metalowych Naprawa Urz\u0105dze\u0144 Elektrycznych Ryszard Seemann and Enbit Grzegorz Szwarc (leading partner) <\/strong><\/p>\n\n\n\n<p>The goal of the project is to achieve an estimated annual reduction in greenhouse gas emissions caused by two manufacturing plants by 194.03 tons of CO2 equivalent. The subject of the project is to carry out an investment using the design and build method, under which the planned scope of work includes: preparing a construction project with a building permit, purchasing photovoltaic modules, inverters and DC and AC equipment and constructing two on-grid photovoltaic installations with a total capacity of 258.55 kW \u2013 110.2 kW in Kobylnica and 148.35 kW in Warblewo. <\/p>\n\n\n\n<p>The date of project`s realization: 2022-11-01 &#8211; 2023-12-31<\/p>\n\n\n\n<p><strong>Total project value: 1 247 269,54 PLN<\/strong><\/p>\n\n\n\n<p><strong>UE funds: 821 223,21 PLN<\/strong><\/p>\n\n\n\n<p>The project is co-financed by the European Union under the Regional Operation Program of Pomeranian for 2014-2020, Sub-measure 10.3.1.<\/p>\n\n\n\n<div class=\"wp-block-buttons is-layout-flex wp-block-buttons-is-layout-flex\"><\/div>\n<\/div>\n<\/div>\n","protected":false},"excerpt":{"rendered":"<p>Steelcon Sp. z o.o. is implementing a project co-financed by European Funds titled &#8220;Purchase and implementation of an intelligent production management system for container and waste bin equipment components. The goal of the project is to optimize the production process of container and waste bin equipment components by automatically allocating production tasks within 5 seconds, &hellip; <a href=\"https:\/\/steelcon.pl\/en\/eu-projects\/\">Continued<\/a><\/p>\n","protected":false},"author":1,"featured_media":0,"parent":0,"menu_order":0,"comment_status":"closed","ping_status":"closed","template":"","meta":{"_acf_changed":false,"inline_featured_image":false,"footnotes":""},"class_list":["post-30086","page","type-page","status-publish","hentry"],"acf":[],"yoast_head":"<!-- This site is optimized with the Yoast SEO plugin v27.4 - https:\/\/yoast.com\/product\/yoast-seo-wordpress\/ -->\n<title>EU projects realized by Steelcon Sp. z o.o. in Warblewo<\/title>\n<meta name=\"description\" content=\"Find out more about the EU projects that enabled Steelcon to expand its operations. The company produces components for waste containers.\" \/>\n<meta name=\"robots\" content=\"index, follow, max-snippet:-1, max-image-preview:large, max-video-preview:-1\" \/>\n<link rel=\"canonical\" href=\"https:\/\/steelcon.pl\/en\/eu-projects\/\" \/>\n<meta property=\"og:locale\" content=\"en_US\" \/>\n<meta property=\"og:type\" content=\"article\" \/>\n<meta property=\"og:title\" content=\"EU projects realized by Steelcon Sp. z o.o. in Warblewo\" \/>\n<meta property=\"og:description\" content=\"Find out more about the EU projects that enabled Steelcon to expand its operations. The company produces components for waste containers.\" \/>\n<meta property=\"og:url\" content=\"https:\/\/steelcon.pl\/en\/eu-projects\/\" \/>\n<meta property=\"og:site_name\" content=\"Steelcon\" \/>\n<meta property=\"article:modified_time\" content=\"2025-04-01T19:14:38+00:00\" \/>\n<meta property=\"og:image\" content=\"https:\/\/steelcon.pl\/wp-content\/uploads\/2024\/11\/POIR.png\" \/>\n\t<meta property=\"og:image:width\" content=\"678\" \/>\n\t<meta property=\"og:image:height\" content=\"103\" \/>\n\t<meta property=\"og:image:type\" content=\"image\/png\" \/>\n<meta name=\"twitter:card\" content=\"summary_large_image\" \/>\n<meta name=\"twitter:label1\" content=\"Est. reading time\" \/>\n\t<meta name=\"twitter:data1\" content=\"3 minutes\" \/>\n<script type=\"application\/ld+json\" class=\"yoast-schema-graph\">{\"@context\":\"https:\\\/\\\/schema.org\",\"@graph\":[{\"@type\":\"WebPage\",\"@id\":\"https:\\\/\\\/steelcon.pl\\\/en\\\/eu-projects\\\/\",\"url\":\"https:\\\/\\\/steelcon.pl\\\/en\\\/eu-projects\\\/\",\"name\":\"EU projects realized by Steelcon Sp. z o.o. in Warblewo\",\"isPartOf\":{\"@id\":\"https:\\\/\\\/steelcon.pl\\\/en\\\/#website\"},\"primaryImageOfPage\":{\"@id\":\"https:\\\/\\\/steelcon.pl\\\/en\\\/eu-projects\\\/#primaryimage\"},\"image\":{\"@id\":\"https:\\\/\\\/steelcon.pl\\\/en\\\/eu-projects\\\/#primaryimage\"},\"thumbnailUrl\":\"https:\\\/\\\/steelcon.pl\\\/wp-content\\\/uploads\\\/2024\\\/11\\\/POIR.png\",\"datePublished\":\"2025-02-27T16:44:17+00:00\",\"dateModified\":\"2025-04-01T19:14:38+00:00\",\"description\":\"Find out more about the EU projects that enabled Steelcon to expand its operations. The company produces components for waste containers.\",\"breadcrumb\":{\"@id\":\"https:\\\/\\\/steelcon.pl\\\/en\\\/eu-projects\\\/#breadcrumb\"},\"inLanguage\":\"en-US\",\"potentialAction\":[{\"@type\":\"ReadAction\",\"target\":[\"https:\\\/\\\/steelcon.pl\\\/en\\\/eu-projects\\\/\"]}]},{\"@type\":\"ImageObject\",\"inLanguage\":\"en-US\",\"@id\":\"https:\\\/\\\/steelcon.pl\\\/en\\\/eu-projects\\\/#primaryimage\",\"url\":\"https:\\\/\\\/steelcon.pl\\\/wp-content\\\/uploads\\\/2024\\\/11\\\/POIR.png\",\"contentUrl\":\"https:\\\/\\\/steelcon.pl\\\/wp-content\\\/uploads\\\/2024\\\/11\\\/POIR.png\"},{\"@type\":\"BreadcrumbList\",\"@id\":\"https:\\\/\\\/steelcon.pl\\\/en\\\/eu-projects\\\/#breadcrumb\",\"itemListElement\":[{\"@type\":\"ListItem\",\"position\":1,\"name\":\"Home\",\"item\":\"https:\\\/\\\/steelcon.pl\\\/en\\\/\"},{\"@type\":\"ListItem\",\"position\":2,\"name\":\"EU Projects\"}]},{\"@type\":\"WebSite\",\"@id\":\"https:\\\/\\\/steelcon.pl\\\/en\\\/#website\",\"url\":\"https:\\\/\\\/steelcon.pl\\\/en\\\/\",\"name\":\"Steelcon\",\"description\":\"Elementy Wyposa\u017cenie Kontener\u00f3w\",\"publisher\":{\"@id\":\"https:\\\/\\\/steelcon.pl\\\/en\\\/#organization\"},\"potentialAction\":[{\"@type\":\"SearchAction\",\"target\":{\"@type\":\"EntryPoint\",\"urlTemplate\":\"https:\\\/\\\/steelcon.pl\\\/en\\\/?s={search_term_string}\"},\"query-input\":{\"@type\":\"PropertyValueSpecification\",\"valueRequired\":true,\"valueName\":\"search_term_string\"}}],\"inLanguage\":\"en-US\"},{\"@type\":\"Organization\",\"@id\":\"https:\\\/\\\/steelcon.pl\\\/en\\\/#organization\",\"name\":\"Steelcon - Elementy Wyposa\u017cenia Kontener\u00f3w\",\"url\":\"https:\\\/\\\/steelcon.pl\\\/en\\\/\",\"logo\":{\"@type\":\"ImageObject\",\"inLanguage\":\"en-US\",\"@id\":\"https:\\\/\\\/steelcon.pl\\\/en\\\/#\\\/schema\\\/logo\\\/image\\\/\",\"url\":\"https:\\\/\\\/steelcon.pl\\\/wp-content\\\/uploads\\\/2024\\\/08\\\/logo-steelcon-1000-x-1000-px.png\",\"contentUrl\":\"https:\\\/\\\/steelcon.pl\\\/wp-content\\\/uploads\\\/2024\\\/08\\\/logo-steelcon-1000-x-1000-px.png\",\"width\":1000,\"height\":1000,\"caption\":\"Steelcon - Elementy Wyposa\u017cenia Kontener\u00f3w\"},\"image\":{\"@id\":\"https:\\\/\\\/steelcon.pl\\\/en\\\/#\\\/schema\\\/logo\\\/image\\\/\"}}]}<\/script>\n<!-- \/ Yoast SEO plugin. -->","yoast_head_json":{"title":"EU projects realized by Steelcon Sp. z o.o. in Warblewo","description":"Find out more about the EU projects that enabled Steelcon to expand its operations. The company produces components for waste containers.","robots":{"index":"index","follow":"follow","max-snippet":"max-snippet:-1","max-image-preview":"max-image-preview:large","max-video-preview":"max-video-preview:-1"},"canonical":"https:\/\/steelcon.pl\/en\/eu-projects\/","og_locale":"en_US","og_type":"article","og_title":"EU projects realized by Steelcon Sp. z o.o. in Warblewo","og_description":"Find out more about the EU projects that enabled Steelcon to expand its operations. The company produces components for waste containers.","og_url":"https:\/\/steelcon.pl\/en\/eu-projects\/","og_site_name":"Steelcon","article_modified_time":"2025-04-01T19:14:38+00:00","og_image":[{"width":678,"height":103,"url":"https:\/\/steelcon.pl\/wp-content\/uploads\/2024\/11\/POIR.png","type":"image\/png"}],"twitter_card":"summary_large_image","twitter_misc":{"Est. reading time":"3 minutes"},"schema":{"@context":"https:\/\/schema.org","@graph":[{"@type":"WebPage","@id":"https:\/\/steelcon.pl\/en\/eu-projects\/","url":"https:\/\/steelcon.pl\/en\/eu-projects\/","name":"EU projects realized by Steelcon Sp. z o.o. in Warblewo","isPartOf":{"@id":"https:\/\/steelcon.pl\/en\/#website"},"primaryImageOfPage":{"@id":"https:\/\/steelcon.pl\/en\/eu-projects\/#primaryimage"},"image":{"@id":"https:\/\/steelcon.pl\/en\/eu-projects\/#primaryimage"},"thumbnailUrl":"https:\/\/steelcon.pl\/wp-content\/uploads\/2024\/11\/POIR.png","datePublished":"2025-02-27T16:44:17+00:00","dateModified":"2025-04-01T19:14:38+00:00","description":"Find out more about the EU projects that enabled Steelcon to expand its operations. The company produces components for waste containers.","breadcrumb":{"@id":"https:\/\/steelcon.pl\/en\/eu-projects\/#breadcrumb"},"inLanguage":"en-US","potentialAction":[{"@type":"ReadAction","target":["https:\/\/steelcon.pl\/en\/eu-projects\/"]}]},{"@type":"ImageObject","inLanguage":"en-US","@id":"https:\/\/steelcon.pl\/en\/eu-projects\/#primaryimage","url":"https:\/\/steelcon.pl\/wp-content\/uploads\/2024\/11\/POIR.png","contentUrl":"https:\/\/steelcon.pl\/wp-content\/uploads\/2024\/11\/POIR.png"},{"@type":"BreadcrumbList","@id":"https:\/\/steelcon.pl\/en\/eu-projects\/#breadcrumb","itemListElement":[{"@type":"ListItem","position":1,"name":"Home","item":"https:\/\/steelcon.pl\/en\/"},{"@type":"ListItem","position":2,"name":"EU Projects"}]},{"@type":"WebSite","@id":"https:\/\/steelcon.pl\/en\/#website","url":"https:\/\/steelcon.pl\/en\/","name":"Steelcon","description":"Elementy Wyposa\u017cenie Kontener\u00f3w","publisher":{"@id":"https:\/\/steelcon.pl\/en\/#organization"},"potentialAction":[{"@type":"SearchAction","target":{"@type":"EntryPoint","urlTemplate":"https:\/\/steelcon.pl\/en\/?s={search_term_string}"},"query-input":{"@type":"PropertyValueSpecification","valueRequired":true,"valueName":"search_term_string"}}],"inLanguage":"en-US"},{"@type":"Organization","@id":"https:\/\/steelcon.pl\/en\/#organization","name":"Steelcon - Elementy Wyposa\u017cenia Kontener\u00f3w","url":"https:\/\/steelcon.pl\/en\/","logo":{"@type":"ImageObject","inLanguage":"en-US","@id":"https:\/\/steelcon.pl\/en\/#\/schema\/logo\/image\/","url":"https:\/\/steelcon.pl\/wp-content\/uploads\/2024\/08\/logo-steelcon-1000-x-1000-px.png","contentUrl":"https:\/\/steelcon.pl\/wp-content\/uploads\/2024\/08\/logo-steelcon-1000-x-1000-px.png","width":1000,"height":1000,"caption":"Steelcon - Elementy Wyposa\u017cenia Kontener\u00f3w"},"image":{"@id":"https:\/\/steelcon.pl\/en\/#\/schema\/logo\/image\/"}}]}},"_links":{"self":[{"href":"https:\/\/steelcon.pl\/en\/wp-json\/wp\/v2\/pages\/30086","targetHints":{"allow":["GET"]}}],"collection":[{"href":"https:\/\/steelcon.pl\/en\/wp-json\/wp\/v2\/pages"}],"about":[{"href":"https:\/\/steelcon.pl\/en\/wp-json\/wp\/v2\/types\/page"}],"author":[{"embeddable":true,"href":"https:\/\/steelcon.pl\/en\/wp-json\/wp\/v2\/users\/1"}],"replies":[{"embeddable":true,"href":"https:\/\/steelcon.pl\/en\/wp-json\/wp\/v2\/comments?post=30086"}],"version-history":[{"count":3,"href":"https:\/\/steelcon.pl\/en\/wp-json\/wp\/v2\/pages\/30086\/revisions"}],"predecessor-version":[{"id":52969,"href":"https:\/\/steelcon.pl\/en\/wp-json\/wp\/v2\/pages\/30086\/revisions\/52969"}],"wp:attachment":[{"href":"https:\/\/steelcon.pl\/en\/wp-json\/wp\/v2\/media?parent=30086"}],"curies":[{"name":"wp","href":"https:\/\/api.w.org\/{rel}","templated":true}]}}